{"id":9925,"date":"2020-07-27T18:58:49","date_gmt":"2020-07-27T23:58:49","guid":{"rendered":"https:\/\/sarmsrevolutio.wpengine.com\/product\/get-ripped\/"},"modified":"2026-03-31T22:40:09","modified_gmt":"2026-04-01T02:40:09","slug":"get-ripped","status":"publish","type":"product","link":"https:\/\/sarmsrevolutionlab.com\/fr\/produit\/get-ripped\/","title":{"rendered":"Get Ripped"},"content":{"rendered":"\t\t<div data-elementor-type=\"product-post\" data-elementor-id=\"9925\" class=\"elementor elementor-9925 elementor-8623\" data-elementor-post-type=\"product\">\n\t\t\t\t\t\t<section class=\"elementor-section elementor-top-section elementor-element elementor-element-7c155656 elementor-section-content-middle elementor-section-boxed elementor-section-height-default elementor-section-height-default\" data-id=\"7c155656\" data-element_type=\"section\" data-e-type=\"section\">\n\t\t\t\t\t\t<div class=\"elementor-container elementor-column-gap-no\">\n\t\t\t\t\t<div class=\"elementor-column elementor-col-50 elementor-top-column elementor-element elementor-element-134d59cc\" data-id=\"134d59cc\" data-element_type=\"column\" data-e-type=\"column\">\n\t\t\t<div class=\"elementor-widget-wrap elementor-element-populated\">\n\t\t\t\t\t\t<div class=\"elementor-element elementor-element-689eb1ea elementor-widget elementor-widget-text-editor\" data-id=\"689eb1ea\" data-element_type=\"widget\" data-e-type=\"widget\" data-widget_type=\"text-editor.default\">\n\t\t\t\t<div class=\"elementor-widget-container\">\n\t\t\t\t\t\t\t\t\t<p data-start=\"0\" data-end=\"92\">S&rsquo;il y a un produit garanti pour vous aider \u00e0 vous muscler, c&rsquo;est le <strong data-start=\"69\" data-end=\"89\">Get Ripped Stack<\/strong>.<\/p><p data-start=\"94\" data-end=\"405\">En combinant la stimulation de la croissance de l&rsquo;Ibutamor\u00e8ne, les effets br\u00fble-graisses du Cardarine et la capacit\u00e9 de construction musculaire du Testolone, vous pouvez transformer votre masse musculaire tout en pr\u00e9servant les cycles naturels de votre corps et en \u00e9vitant les effets secondaires ind\u00e9sirables.<\/p><p data-start=\"407\" data-end=\"597\">Le <strong data-start=\"410\" data-end=\"423\">Cardarine<\/strong> est l&rsquo;un des SARMs les plus populaires disponibles. En plus d&rsquo;acc\u00e9l\u00e9rer la perte de graisse, il am\u00e9liore l&rsquo;endurance et facilite les s\u00e9ances de cardio les plus difficiles.<\/p><p data-start=\"599\" data-end=\"805\" data-is-last-node=\"\" data-is-only-node=\"\">Cette endurance accrue permet alors au <strong data-start=\"638\" data-end=\"651\">Testolone<\/strong> et \u00e0 l&rsquo;<strong data-start=\"659\" data-end=\"674\">Ibutamor\u00e8ne<\/strong> de faire leur travail, en ciblant les r\u00e9cepteurs androg\u00e9niques des muscles squelettiques et en stimulant une croissance acc\u00e9l\u00e9r\u00e9e.<\/p>\t\t\t\t\t\t\t\t<\/div>\n\t\t\t\t<\/div>\n\t\t\t\t\t<\/div>\n\t\t<\/div>\n\t\t\t\t<div class=\"elementor-column elementor-col-50 elementor-top-column elementor-element elementor-element-61962e27\" data-id=\"61962e27\" data-element_type=\"column\" data-e-type=\"column\">\n\t\t\t<div class=\"elementor-widget-wrap elementor-element-populated\">\n\t\t\t\t\t\t<div class=\"elementor-element elementor-element-198e3dcf elementor-widget elementor-widget-image\" data-id=\"198e3dcf\" data-element_type=\"widget\" data-e-type=\"widget\" data-widget_type=\"image.default\">\n\t\t\t\t<div class=\"elementor-widget-container\">\n\t\t\t\t\t\t\t\t\t\t\t\t\t\t\t<img fetchpriority=\"high\" decoding=\"async\" width=\"1000\" height=\"668\" src=\"https:\/\/sarmsrevolutionlab.com\/wp-content\/uploads\/2020\/07\/get-ripped.jpeg\" class=\"attachment-full size-full wp-image-12938\" alt=\"Buy Sarms Canada | Sarms For Sale\" \/>\t\t\t\t\t\t\t\t\t\t\t\t\t\t\t<\/div>\n\t\t\t\t<\/div>\n\t\t\t\t\t<\/div>\n\t\t<\/div>\n\t\t\t\t\t<\/div>\n\t\t<\/section>\n\t\t\t\t<section class=\"elementor-section elementor-inner-section elementor-element elementor-element-2d2f3a5d elementor-section-content-middle elementor-section-boxed elementor-section-height-default elementor-section-height-default\" data-id=\"2d2f3a5d\" data-element_type=\"section\" data-e-type=\"section\">\n\t\t\t\t\t\t<div class=\"elementor-container elementor-column-gap-no\">\n\t\t\t\t\t<div class=\"elementor-column elementor-col-50 elementor-inner-column elementor-element elementor-element-269f8eab elementor-invisible\" data-id=\"269f8eab\" data-element_type=\"column\" data-e-type=\"column\" data-settings=\"{&quot;animation&quot;:&quot;fadeIn&quot;}\">\n\t\t\t<div class=\"elementor-widget-wrap elementor-element-populated\">\n\t\t\t\t\t\t<div class=\"elementor-element elementor-element-765ab62a elementor-widget elementor-widget-image\" data-id=\"765ab62a\" data-element_type=\"widget\" data-e-type=\"widget\" data-widget_type=\"image.default\">\n\t\t\t\t<div class=\"elementor-widget-container\">\n\t\t\t\t\t\t\t\t\t\t\t\t\t\t\t<img decoding=\"async\" width=\"666\" height=\"666\" src=\"https:\/\/sarmsrevolutionlab.com\/wp-content\/uploads\/2017\/12\/gw_501516-666x666.jpg\" class=\"attachment-large size-large wp-image-9832\" alt=\"Buy Sarms Canada | Samrs For Sale\" srcset=\"https:\/\/sarmsrevolutionlab.com\/wp-content\/uploads\/2017\/12\/gw_501516-666x666.jpg 666w, https:\/\/sarmsrevolutionlab.com\/wp-content\/uploads\/2017\/12\/gw_501516-768x768.jpg 768w, https:\/\/sarmsrevolutionlab.com\/wp-content\/uploads\/2017\/12\/gw_501516-100x100.jpg 100w, https:\/\/sarmsrevolutionlab.com\/wp-content\/uploads\/2017\/12\/gw_501516.jpg 1000w\" sizes=\"(max-width: 666px) 100vw, 666px\" \/>\t\t\t\t\t\t\t\t\t\t\t\t\t\t\t<\/div>\n\t\t\t\t<\/div>\n\t\t\t\t\t<\/div>\n\t\t<\/div>\n\t\t\t\t<div class=\"elementor-column elementor-col-50 elementor-inner-column elementor-element elementor-element-38cb6cdb\" data-id=\"38cb6cdb\" data-element_type=\"column\" data-e-type=\"column\">\n\t\t\t<div class=\"elementor-widget-wrap elementor-element-populated\">\n\t\t\t\t\t\t<div class=\"elementor-element elementor-element-2379111b elementor-widget elementor-widget-text-editor\" data-id=\"2379111b\" data-element_type=\"widget\" data-e-type=\"widget\" data-widget_type=\"text-editor.default\">\n\t\t\t\t<div class=\"elementor-widget-container\">\n\t\t\t\t\t\t\t\t\t<h3 data-start=\"0\" data-end=\"31\"><strong data-start=\"4\" data-end=\"29\">Cardarine (GW-501516)<\/strong><\/h3><p data-start=\"32\" data-end=\"87\"><strong data-start=\"32\" data-end=\"85\">Br\u00fblez plus de calories pendant vos entra\u00eenements<\/strong><\/p><p data-start=\"89\" data-end=\"390\">Le <strong data-start=\"92\" data-end=\"117\">Cardarine (GW-501516)<\/strong> n\u2019est pas un <strong data-start=\"131\" data-end=\"139\">SARM<\/strong> (modulateur s\u00e9lectif des r\u00e9cepteurs aux androg\u00e8nes). C\u2019est un <strong data-start=\"202\" data-end=\"267\">r\u00e9cepteur activ\u00e9 par les prolif\u00e9rateurs de peroxysomes (PPAR)<\/strong>. Cela signifie qu\u2019il modifie l\u2019activit\u00e9 des g\u00e8nes, entra\u00eenant un changement dans la mani\u00e8re dont l\u2019\u00e9nergie est utilis\u00e9e.<\/p><p data-start=\"392\" data-end=\"921\">Le Cardarine aide \u00e0 utiliser vos <strong data-start=\"425\" data-end=\"471\">r\u00e9serves de graisse comme source d\u2019\u00e9nergie<\/strong>, de mani\u00e8re similaire \u00e0 l\u2019acide amin\u00e9 <strong data-start=\"510\" data-end=\"525\">L-Carnitine<\/strong>, mais avec une <strong data-start=\"541\" data-end=\"571\">efficacit\u00e9 bien sup\u00e9rieure<\/strong>. Ce produit acc\u00e9l\u00e8re consid\u00e9rablement le <strong data-start=\"613\" data-end=\"646\">processus de perte de graisse<\/strong>. Gr\u00e2ce \u00e0 une endurance et des performances accrues, vous br\u00fblerez <strong data-start=\"713\" data-end=\"742\">beaucoup plus de calories<\/strong> pendant vos entra\u00eenements. Il est \u00e9galement connu pour <strong data-start=\"798\" data-end=\"831\">booster le m\u00e9tabolisme humain<\/strong>, ce qui explique pourquoi de nombreux utilisateurs l\u2019int\u00e8grent \u00e0 un <strong data-start=\"900\" data-end=\"918\">cycle de s\u00e8che<\/strong>.<\/p><h3 data-start=\"923\" data-end=\"969\"><strong data-start=\"927\" data-end=\"967\">Endurance et pr\u00e9servation musculaire<\/strong><\/h3><p data-start=\"970\" data-end=\"1359\">Le premier effet notable du <strong data-start=\"998\" data-end=\"1011\">GW-501516<\/strong> est une <strong data-start=\"1020\" data-end=\"1065\">am\u00e9lioration significative de l\u2019endurance<\/strong>. Votre capacit\u00e9 \u00e0 vous d\u00e9passer sera d\u00e9cupl\u00e9e, et vous pourrez <strong data-start=\"1129\" data-end=\"1165\">pousser vos limites plus souvent<\/strong>. Son efficacit\u00e9 est particuli\u00e8rement visible lors des <strong data-start=\"1220\" data-end=\"1241\">s\u00e9ances de cardio<\/strong>, rendant vos entra\u00eenements beaucoup plus faciles \u00e0 compl\u00e9ter. Cet effet perdure g\u00e9n\u00e9ralement tout au long du cycle.<\/p><p data-start=\"1361\" data-end=\"1486\">En parall\u00e8le, le <strong data-start=\"1378\" data-end=\"1446\">GW-501516 pourrait contribuer \u00e0 pr\u00e9server votre masse musculaire<\/strong> pendant la phase de perte de graisse.<\/p><h3 data-start=\"1488\" data-end=\"1575\"><strong data-start=\"1492\" data-end=\"1573\">Aucun impact sur les hormones et pas d&rsquo;effets secondaires li\u00e9s aux \u0153strog\u00e8nes<\/strong><\/h3><p data-start=\"1576\" data-end=\"1877\">Comme ce compos\u00e9 <strong data-start=\"1593\" data-end=\"1651\">n&rsquo;interf\u00e8re pas avec la production hormonale naturelle<\/strong>, <strong data-start=\"1653\" data-end=\"1706\">aucune th\u00e9rapie post-cycle (PCT) n&rsquo;est n\u00e9cessaire<\/strong>. De plus, il <strong data-start=\"1720\" data-end=\"1776\">n&rsquo;entra\u00eene aucun effet secondaire li\u00e9 aux \u0153strog\u00e8nes<\/strong>, ce qui repr\u00e9sente un \u00e9norme avantage par rapport \u00e0 d\u2019autres produits am\u00e9liorant les performances.<\/p>\t\t\t\t\t\t\t\t<\/div>\n\t\t\t\t<\/div>\n\t\t\t\t\t<\/div>\n\t\t<\/div>\n\t\t\t\t\t<\/div>\n\t\t<\/section>\n\t\t\t\t<section class=\"elementor-section elementor-inner-section elementor-element elementor-element-5094e550 elementor-section-content-middle elementor-section-boxed elementor-section-height-default elementor-section-height-default\" data-id=\"5094e550\" data-element_type=\"section\" data-e-type=\"section\">\n\t\t\t\t\t\t<div class=\"elementor-container elementor-column-gap-no\">\n\t\t\t\t\t<div class=\"elementor-column elementor-col-50 elementor-inner-column elementor-element elementor-element-71bd3ba8 elementor-invisible\" data-id=\"71bd3ba8\" data-element_type=\"column\" data-e-type=\"column\" data-settings=\"{&quot;animation&quot;:&quot;fadeIn&quot;}\">\n\t\t\t<div class=\"elementor-widget-wrap elementor-element-populated\">\n\t\t\t\t\t\t<div class=\"elementor-element elementor-element-3f965099 elementor-widget elementor-widget-image\" data-id=\"3f965099\" data-element_type=\"widget\" data-e-type=\"widget\" data-widget_type=\"image.default\">\n\t\t\t\t<div class=\"elementor-widget-container\">\n\t\t\t\t\t\t\t\t\t\t\t\t\t\t\t<img decoding=\"async\" width=\"666\" height=\"666\" src=\"https:\/\/sarmsrevolutionlab.com\/wp-content\/uploads\/2017\/12\/MK-677-Ibutamoren.jpeg\" class=\"attachment-large size-large wp-image-11720\" alt=\"MK-677 Ibutamoren\" srcset=\"https:\/\/sarmsrevolutionlab.com\/wp-content\/uploads\/2017\/12\/MK-677-Ibutamoren.jpeg 1000w, https:\/\/sarmsrevolutionlab.com\/wp-content\/uploads\/2017\/12\/MK-677-Ibutamoren-100x100.jpeg 100w, https:\/\/sarmsrevolutionlab.com\/wp-content\/uploads\/2017\/12\/MK-677-Ibutamoren-700x700.jpeg 700w\" sizes=\"(max-width: 666px) 100vw, 666px\" \/>\t\t\t\t\t\t\t\t\t\t\t\t\t\t\t<\/div>\n\t\t\t\t<\/div>\n\t\t\t\t\t<\/div>\n\t\t<\/div>\n\t\t\t\t<div class=\"elementor-column elementor-col-50 elementor-inner-column elementor-element elementor-element-3704f9\" data-id=\"3704f9\" data-element_type=\"column\" data-e-type=\"column\">\n\t\t\t<div class=\"elementor-widget-wrap elementor-element-populated\">\n\t\t\t\t\t\t<div class=\"elementor-element elementor-element-4d2686b elementor-widget elementor-widget-text-editor\" data-id=\"4d2686b\" data-element_type=\"widget\" data-e-type=\"widget\" data-widget_type=\"text-editor.default\">\n\t\t\t\t<div class=\"elementor-widget-container\">\n\t\t\t\t\t\t\t\t\t<h3 data-start=\"0\" data-end=\"30\"><strong data-start=\"4\" data-end=\"28\">MK-677 \/ Ibutamor\u00e8ne<\/strong><\/h3><p data-start=\"32\" data-end=\"501\">Le <strong data-start=\"35\" data-end=\"45\">MK-677<\/strong>, aussi appel\u00e9 <strong data-start=\"60\" data-end=\"75\">Ibutamor\u00e8ne<\/strong>, est un <strong data-start=\"84\" data-end=\"92\">SARM<\/strong> qui imite un stimulateur de croissance. Il augmente les niveaux d\u2019<strong data-start=\"159\" data-end=\"184\">hormone de croissance<\/strong> dans le plasma sanguin. L\u2019avantage est qu\u2019il <strong data-start=\"230\" data-end=\"259\">n\u2019affecte pas le cortisol<\/strong> (l\u2019hormone du stress). Les m\u00e9dicaments qui augmentent le cortisol sont souvent tr\u00e8s efficaces et rapides, mais ont g\u00e9n\u00e9ralement de <strong data-start=\"391\" data-end=\"420\">graves effets secondaires<\/strong>. Ce produit n\u2019en fait pas partie ; ses effets sont <strong data-start=\"472\" data-end=\"498\">b\u00e9n\u00e9fiques et durables<\/strong>.<\/p><p data-start=\"503\" data-end=\"902\">Le <strong data-start=\"506\" data-end=\"516\">MK-677<\/strong> stimule les <strong data-start=\"529\" data-end=\"585\">IGF (facteurs de croissance similaires \u00e0 l&rsquo;insuline)<\/strong>, augmentant ainsi la <strong data-start=\"607\" data-end=\"634\">masse musculaire maigre<\/strong> sans faire grimper la <strong data-start=\"657\" data-end=\"677\">masse graisseuse<\/strong>. En d\u2019autres termes, il aide vos <strong data-start=\"711\" data-end=\"757\">muscles \u00e0 cro\u00eetre et \u00e0 r\u00e9cup\u00e9rer plus vite<\/strong>. Votre <strong data-start=\"765\" data-end=\"787\">app\u00e9tit augmentera<\/strong>. En activant les <strong data-start=\"805\" data-end=\"831\">hormones de croissance<\/strong>, il stimule aussi les <strong data-start=\"854\" data-end=\"860\">os<\/strong>, contribuant ainsi \u00e0 leur renforcement.<\/p><p data-start=\"904\" data-end=\"1143\">Concernant le <strong data-start=\"918\" data-end=\"929\">sommeil<\/strong>, il a d\u00e9montr\u00e9 des <strong data-start=\"949\" data-end=\"968\">effets positifs<\/strong>. Les utilisateurs ont rapport\u00e9 une <strong data-start=\"1004\" data-end=\"1047\">am\u00e9lioration de leur qualit\u00e9 de sommeil<\/strong>, notamment par une <strong data-start=\"1067\" data-end=\"1110\">augmentation du sommeil paradoxal (REM)<\/strong>, la phase la plus r\u00e9paratrice.<\/p><p data-start=\"1145\" data-end=\"1480\" data-is-last-node=\"\" data-is-only-node=\"\">C\u2019est l\u2019un des <strong data-start=\"1160\" data-end=\"1188\">SARMs les plus appr\u00e9ci\u00e9s<\/strong>, et pour de bonnes raisons : <strong data-start=\"1218\" data-end=\"1274\">beaucoup de bienfaits, tr\u00e8s peu d\u2019effets secondaires<\/strong>. De plus, il est parfois utilis\u00e9 pour <strong data-start=\"1313\" data-end=\"1358\">traiter certaines maladies et d\u00e9ficiences<\/strong>. Le <strong data-start=\"1363\" data-end=\"1373\">MK-677<\/strong> fonctionne encore mieux lorsqu\u2019il est <strong data-start=\"1412\" data-end=\"1479\">combin\u00e9 avec le Cardarine (GW-501516) et le Testolone (RAD-140)<\/strong>.<\/p>\t\t\t\t\t\t\t\t<\/div>\n\t\t\t\t<\/div>\n\t\t\t\t\t<\/div>\n\t\t<\/div>\n\t\t\t\t\t<\/div>\n\t\t<\/section>\n\t\t\t\t<\/div>\n\t\t","protected":false},"excerpt":{"rendered":"<div class=\"elementor-element elementor-element-d4d7c8e elementor-widget elementor-widget-text-editor\" data-id=\"d4d7c8e\" data-element_type=\"widget\" data-widget_type=\"text-editor.default\">\n<div class=\"elementor-widget-container\">\n<h5><span style=\"color: #ff0000;\"><strong>Plan d\u2019entra\u00eenement gratuit avec tout achat d\u2019un stack.<\/strong><\/span><\/h5>\n<\/div>\n<\/div>\n<h3>\u00c9CONOMISEZ 20%<\/h3>\n<ul>\n<li>MK-677<\/li>\n<li>RAD-140<\/li>\n<li>GW-501516<\/li>\n<\/ul>\n","protected":false},"featured_media":11752,"comment_status":"open","ping_status":"closed","template":"","meta":{"_acf_changed":false},"product_brand":[],"product_cat":[150,76],"product_tag":[121],"class_list":{"0":"post-9925","1":"product","2":"type-product","3":"status-publish","4":"has-post-thumbnail","6":"product_cat-meilleurs-vendeurs","7":"product_cat-stacks-sarms","8":"product_tag-3-bouteilles","10":"first","11":"instock","12":"sale","13":"taxable","14":"shipping-taxable","15":"purchasable","16":"product-type-simple"},"acf":[],"_links":{"self":[{"href":"https:\/\/sarmsrevolutionlab.com\/fr\/wp-json\/wp\/v2\/product\/9925","targetHints":{"allow":["GET"]}}],"collection":[{"href":"https:\/\/sarmsrevolutionlab.com\/fr\/wp-json\/wp\/v2\/product"}],"about":[{"href":"https:\/\/sarmsrevolutionlab.com\/fr\/wp-json\/wp\/v2\/types\/product"}],"replies":[{"embeddable":true,"href":"https:\/\/sarmsrevolutionlab.com\/fr\/wp-json\/wp\/v2\/comments?post=9925"}],"version-history":[{"count":0,"href":"https:\/\/sarmsrevolutionlab.com\/fr\/wp-json\/wp\/v2\/product\/9925\/revisions"}],"wp:featuredmedia":[{"embeddable":true,"href":"https:\/\/sarmsrevolutionlab.com\/fr\/wp-json\/wp\/v2\/media\/11752"}],"wp:attachment":[{"href":"https:\/\/sarmsrevolutionlab.com\/fr\/wp-json\/wp\/v2\/media?parent=9925"}],"wp:term":[{"taxonomy":"product_brand","embeddable":true,"href":"https:\/\/sarmsrevolutionlab.com\/fr\/wp-json\/wp\/v2\/product_brand?post=9925"},{"taxonomy":"product_cat","embeddable":true,"href":"https:\/\/sarmsrevolutionlab.com\/fr\/wp-json\/wp\/v2\/product_cat?post=9925"},{"taxonomy":"product_tag","embeddable":true,"href":"https:\/\/sarmsrevolutionlab.com\/fr\/wp-json\/wp\/v2\/product_tag?post=9925"}],"curies":[{"name":"wp","href":"https:\/\/api.w.org\/{rel}","templated":true}]}}