{"id":9829,"date":"2017-12-18T18:40:03","date_gmt":"2017-12-18T18:40:03","guid":{"rendered":"https:\/\/sarmsrevolutio.wpengine.com\/product\/gw-501516\/"},"modified":"2026-03-31T22:40:09","modified_gmt":"2026-04-01T02:40:09","slug":"gw-501516","status":"publish","type":"product","link":"https:\/\/sarmsrevolutionlab.com\/fr\/produit\/gw-501516\/","title":{"rendered":"GW-501516 \/ Cardarine"},"content":{"rendered":"\t\t<div data-elementor-type=\"product-post\" data-elementor-id=\"9829\" class=\"elementor elementor-9829 elementor-340\" data-elementor-post-type=\"product\">\n\t\t\t\t\t\t<section class=\"elementor-section elementor-top-section elementor-element elementor-element-778f587e elementor-section-boxed elementor-section-height-default elementor-section-height-default\" data-id=\"778f587e\" data-element_type=\"section\" data-e-type=\"section\">\n\t\t\t\t\t\t<div class=\"elementor-container elementor-column-gap-default\">\n\t\t\t\t\t<div class=\"elementor-column elementor-col-100 elementor-top-column elementor-element elementor-element-3e5386a3\" data-id=\"3e5386a3\" data-element_type=\"column\" data-e-type=\"column\">\n\t\t\t<div class=\"elementor-widget-wrap elementor-element-populated\">\n\t\t\t\t\t\t<div class=\"elementor-element elementor-element-147b6d40 elementor-widget elementor-widget-text-editor\" data-id=\"147b6d40\" data-element_type=\"widget\" data-e-type=\"widget\" data-widget_type=\"text-editor.default\">\n\t\t\t\t<div class=\"elementor-widget-container\">\n\t\t\t\t\t\t\t\t\t<p>La cardarine (GW 501516) n&rsquo;est pas un <strong>SARM<\/strong> (modulateur s\u00e9lectif des r\u00e9cepteurs aux androg\u00e8nes). Il s&rsquo;agit d&rsquo;un r\u00e9cepteur activ\u00e9 par les prolif\u00e9rateurs de peroxysomes (RAPP). Cela signifie que l&rsquo;activit\u00e9 du g\u00e8ne est transform\u00e9e, entra\u00eenant un changement dans la fa\u00e7on dont l&rsquo;\u00e9nergie est \u00e9mise.<\/p><p>\u00a0<\/p><p>La cardarine peut aider \u00e0 utiliser votre graisse stock\u00e9e pour l&rsquo;\u00e9nergie, tout comme l&rsquo;acide amin\u00e9 L-Carnitine, mais de mani\u00e8re encore plus efficace. Ce produit aide \u00e0 acc\u00e9l\u00e9rer le processus de perte de gras. Avec l&rsquo;endurance et les performances accrues, vous br\u00fblerez beaucoup plus de calories pendant vos entra\u00eenements. Il est \u00e9galement connu pour stimuler le m\u00e9tabolisme humain. C&rsquo;est pourquoi de nombreux utilisateurs l&rsquo;ajouteront \u00e0 un cycle de d\u00e9coupe et condition.<\/p><p>\u00a0<\/p><p>La toute premi\u00e8re chose que vous commencerez \u00e0 observer est que le GW 501516 am\u00e9liore votre endurance. Cela va beaucoup augmenter et vous pourrez vous pousser \u00e0 la limite plus souvent. Il brille vraiment pendant les s\u00e9ances de cardio; il sera beaucoup plus facile de terminer vos s\u00e9ances d&rsquo;entra\u00eenement. Cet effet dure g\u00e9n\u00e9ralement tout au long du cycle.<\/p><p>\u00a0<\/p><p>Le GW 501516 pourrait aider \u00e0 pr\u00e9server la masse musculaire en m\u00eame temps que la coupe. L&#8217;empiler avec RAD 140 et MK 677 aide \u00e0 pr\u00e9venir la perte musculaire et peut augmenter tous les avantages. Si la perte de graisse est le seul objectif principal que vous avez, alors le combiner avec Andarine (S4) et <strong>Ostarine (MK 2866)<\/strong> est certainement l&rsquo;option optimale.<\/p><p>\u00a0<\/p><p>\u00c9tant donn\u00e9 que ce compos\u00e9 n&rsquo;interf\u00e8re pas avec votre production d&rsquo;hormones naturelles, vous n&rsquo;aurez pas besoin d&rsquo;une th\u00e9rapie post-cycle (TPC). Il n&rsquo;a \u00e9galement aucun effet secondaire li\u00e9 aux \u0153strog\u00e8nes. C&rsquo;est un \u00e9norme avantage par rapport aux autres am\u00e9liorateurs de performances.<\/p>\t\t\t\t\t\t\t\t<\/div>\n\t\t\t\t<\/div>\n\t\t\t\t\t<\/div>\n\t\t<\/div>\n\t\t\t\t\t<\/div>\n\t\t<\/section>\n\t\t\t\t<\/div>\n\t\t","protected":false},"excerpt":{"rendered":"<p>Dans l&rsquo;ensemble, les avantages du GW 501516 qui peuvent \u00eatre ressentis sont:<\/p>\n<ul>\n<li>Endurance accrue;<\/li>\n<li>Utilisez efficacement votre graisse stock\u00e9e pour l&rsquo;\u00e9nergie;<\/li>\n<li>M\u00e9tabolisme stimul\u00e9, id\u00e9al pour les cycles de coupe;<\/li>\n<li>Pr\u00e9server la masse musculaire m\u00eame en cas de d\u00e9ficit calorique;<\/li>\n<li>Aucun effet secondaire \u0153strog\u00e9nique.<\/li>\n<\/ul>\n","protected":false},"featured_media":9832,"comment_status":"open","ping_status":"closed","template":"","meta":{"_acf_changed":false},"product_brand":[],"product_cat":[89],"product_tag":[72],"class_list":{"0":"post-9829","1":"product","2":"type-product","3":"status-publish","4":"has-post-thumbnail","6":"product_cat-nos-sarms","7":"product_tag-fat-burning-fr","9":"first","10":"instock","11":"sale","12":"taxable","13":"shipping-taxable","14":"purchasable","15":"product-type-simple"},"acf":[],"_links":{"self":[{"href":"https:\/\/sarmsrevolutionlab.com\/fr\/wp-json\/wp\/v2\/product\/9829","targetHints":{"allow":["GET"]}}],"collection":[{"href":"https:\/\/sarmsrevolutionlab.com\/fr\/wp-json\/wp\/v2\/product"}],"about":[{"href":"https:\/\/sarmsrevolutionlab.com\/fr\/wp-json\/wp\/v2\/types\/product"}],"replies":[{"embeddable":true,"href":"https:\/\/sarmsrevolutionlab.com\/fr\/wp-json\/wp\/v2\/comments?post=9829"}],"version-history":[{"count":0,"href":"https:\/\/sarmsrevolutionlab.com\/fr\/wp-json\/wp\/v2\/product\/9829\/revisions"}],"wp:featuredmedia":[{"embeddable":true,"href":"https:\/\/sarmsrevolutionlab.com\/fr\/wp-json\/wp\/v2\/media\/9832"}],"wp:attachment":[{"href":"https:\/\/sarmsrevolutionlab.com\/fr\/wp-json\/wp\/v2\/media?parent=9829"}],"wp:term":[{"taxonomy":"product_brand","embeddable":true,"href":"https:\/\/sarmsrevolutionlab.com\/fr\/wp-json\/wp\/v2\/product_brand?post=9829"},{"taxonomy":"product_cat","embeddable":true,"href":"https:\/\/sarmsrevolutionlab.com\/fr\/wp-json\/wp\/v2\/product_cat?post=9829"},{"taxonomy":"product_tag","embeddable":true,"href":"https:\/\/sarmsrevolutionlab.com\/fr\/wp-json\/wp\/v2\/product_tag?post=9829"}],"curies":[{"name":"wp","href":"https:\/\/api.w.org\/{rel}","templated":true}]}}