{"id":30645,"date":"2020-11-18T15:56:14","date_gmt":"2020-11-18T20:56:14","guid":{"rendered":"https:\/\/sarmsrevolutionlab.com\/product\/bpc-157\/"},"modified":"2025-10-29T14:43:37","modified_gmt":"2025-10-29T18:43:37","slug":"bpc-157","status":"publish","type":"product","link":"https:\/\/sarmsrevolutionlab.com\/fr\/produit\/bpc-157\/","title":{"rendered":"BPC-157"},"content":{"rendered":"<p>Suppl\u00e9ments de Peptides BPC 157 \u00e0 vendre<\/p>\n<p>BPC-157 : pour une gu\u00e9rison plus rapide des blessures, un temps de r\u00e9cup\u00e9ration am\u00e9lior\u00e9, la r\u00e9paration des plaies, la sant\u00e9 intestinale, la circulation sanguine et la production de collag\u00e8ne.<br \/>\nHaute qualit\u00e9 &#8211; Achetez en ligne d\u00e8s aujourd&rsquo;hui au Canada !<\/p>\n<p><a href=\"https:\/\/examine.com\/supplements\/bpc-157\/\" target=\"_blank\" rel=\"noopener\">PLUS D&rsquo;INFORMATIONS<\/a><\/p>\n","protected":false},"excerpt":{"rendered":"<p><b>[cusrev_reviews]<\/b><\/p>\n","protected":false},"featured_media":24424,"comment_status":"closed","ping_status":"closed","template":"","meta":{"_acf_changed":false},"product_brand":[],"product_cat":[148],"product_tag":[],"class_list":{"0":"post-30645","1":"product","2":"type-product","3":"status-publish","4":"has-post-thumbnail","6":"product_cat-peptides-canada","8":"first","9":"instock","10":"sale","11":"taxable","12":"shipping-taxable","13":"purchasable","14":"product-type-simple"},"acf":[],"_links":{"self":[{"href":"https:\/\/sarmsrevolutionlab.com\/fr\/wp-json\/wp\/v2\/product\/30645","targetHints":{"allow":["GET"]}}],"collection":[{"href":"https:\/\/sarmsrevolutionlab.com\/fr\/wp-json\/wp\/v2\/product"}],"about":[{"href":"https:\/\/sarmsrevolutionlab.com\/fr\/wp-json\/wp\/v2\/types\/product"}],"replies":[{"embeddable":true,"href":"https:\/\/sarmsrevolutionlab.com\/fr\/wp-json\/wp\/v2\/comments?post=30645"}],"version-history":[{"count":0,"href":"https:\/\/sarmsrevolutionlab.com\/fr\/wp-json\/wp\/v2\/product\/30645\/revisions"}],"wp:featuredmedia":[{"embeddable":true,"href":"https:\/\/sarmsrevolutionlab.com\/fr\/wp-json\/wp\/v2\/media\/24424"}],"wp:attachment":[{"href":"https:\/\/sarmsrevolutionlab.com\/fr\/wp-json\/wp\/v2\/media?parent=30645"}],"wp:term":[{"taxonomy":"product_brand","embeddable":true,"href":"https:\/\/sarmsrevolutionlab.com\/fr\/wp-json\/wp\/v2\/product_brand?post=30645"},{"taxonomy":"product_cat","embeddable":true,"href":"https:\/\/sarmsrevolutionlab.com\/fr\/wp-json\/wp\/v2\/product_cat?post=30645"},{"taxonomy":"product_tag","embeddable":true,"href":"https:\/\/sarmsrevolutionlab.com\/fr\/wp-json\/wp\/v2\/product_tag?post=30645"}],"curies":[{"name":"wp","href":"https:\/\/api.w.org\/{rel}","templated":true}]}}