{"id":10024,"date":"2017-12-07T19:58:03","date_gmt":"2017-12-07T19:58:03","guid":{"rendered":"https:\/\/sarmsrevolutio.wpengine.com\/product\/sarm-ligandrol-lgd-4033\/"},"modified":"2026-03-24T06:18:20","modified_gmt":"2026-03-24T10:18:20","slug":"sarm-ligandrol-lgd-4033","status":"publish","type":"product","link":"https:\/\/sarmsrevolutionlab.com\/fr\/produit\/sarm-ligandrol-lgd-4033\/","title":{"rendered":"LGD-4033 \/ Ligandrol"},"content":{"rendered":"\t\t<div data-elementor-type=\"product-post\" data-elementor-id=\"10024\" class=\"elementor elementor-10024 elementor-232\" data-elementor-post-type=\"product\">\n\t\t\t\t\t\t<section class=\"elementor-section elementor-top-section elementor-element elementor-element-4d994986 elementor-section-boxed elementor-section-height-default elementor-section-height-default\" data-id=\"4d994986\" data-element_type=\"section\" data-e-type=\"section\">\n\t\t\t\t\t\t<div class=\"elementor-container elementor-column-gap-default\">\n\t\t\t\t\t<div class=\"elementor-column elementor-col-100 elementor-top-column elementor-element elementor-element-4a565477\" data-id=\"4a565477\" data-element_type=\"column\" data-e-type=\"column\">\n\t\t\t<div class=\"elementor-widget-wrap elementor-element-populated\">\n\t\t\t\t\t\t<div class=\"elementor-element elementor-element-a24f1a5 elementor-widget elementor-widget-text-editor\" data-id=\"a24f1a5\" data-element_type=\"widget\" data-e-type=\"widget\" data-widget_type=\"text-editor.default\">\n\t\t\t\t<div class=\"elementor-widget-container\">\n\t\t\t\t\t\t\t\t\t<p>Principalement, le LGD-4033 (Ligandrol) a \u00e9t\u00e9 cr\u00e9\u00e9 pour traiter certains sympt\u00f4mes li\u00e9s au cancer, comme la perte musculaire et la cachexie, ainsi que l&rsquo;ost\u00e9oporose. Il est \u00e9galement utilis\u00e9 pour traiter l&rsquo;atrophie musculaire li\u00e9e \u00e0 l&rsquo;\u00e2ge. Cet agent anabolisant s\u00e9lectif pour les tissus se concentre sur la construction de la masse musculaire et le renforcement des os, sans les effets secondaires n\u00e9gatifs sur la prostate, la peau et les cheveux qui peuvent \u00eatre caus\u00e9s par l&rsquo;utilisation de testost\u00e9rone. En d\u00e9pit d&rsquo;\u00eatre solide et super efficace, il est tr\u00e8s s\u00fbr.<\/p><p>\u00a0<\/p><p>Une augmentation de la masse musculaire et une augmentation de la force sont les deux r\u00e9sultats de ce SARM. De plus, la r\u00e9cup\u00e9ration plus rapide des blessures et la pr\u00e9vention de celles-ci sont directement caus\u00e9es par l&rsquo;activation des r\u00e9cepteurs aux androg\u00e8nes dans les tissus. Le LGD-4033 augmente consid\u00e9rablement l&rsquo;activit\u00e9 anabolique dans les muscles et les os, ce qui en fait l&rsquo;un des meilleurs SARM pour les objectifs de renforcement musculaire. Le compos\u00e9 aide \u00e0 appara\u00eetre plus plein et plus dur tout au long du cycle et \u00e0 r\u00e9aliser des gains notables qui restent.<\/p><p>\u00a0<\/p><p>Pour une efficacit\u00e9 accrue, LGD peut \u00eatre combin\u00e9 avec MK-677 et RAD-140. Ceux-ci peuvent stimuler tout cycle de prise de masse en augmentant l&rsquo;effet anabolisant sur le corps et l&rsquo;app\u00e9tit, ce qui conduit \u00e0 de grands r\u00e9sultats.<\/p>\t\t\t\t\t\t\t\t<\/div>\n\t\t\t\t<\/div>\n\t\t\t\t\t<\/div>\n\t\t<\/div>\n\t\t\t\t\t<\/div>\n\t\t<\/section>\n\t\t\t\t<\/div>\n\t\t","protected":false},"excerpt":{"rendered":"<p>Dans l&rsquo;ensemble, ce puissant SARM est utile pour:<\/p>\n<ul>\n<li>Emp\u00eacher l&rsquo;atrophie musculaire des personnes \u00e0 risque;<\/li>\n<li>Renforcement des os;<\/li>\n<li>Il a une puissance de gain de masse musculaire incroyable;<\/li>\n<li>R\u00e9cup\u00e9ration des blessures;<\/li>\n<li>Aide \u00e0 cr\u00e9er des gains qui restent.<\/li>\n<\/ul>\n","protected":false},"featured_media":11706,"comment_status":"open","ping_status":"closed","template":"","meta":{"_acf_changed":false},"product_brand":[],"product_cat":[89],"product_tag":[88],"class_list":{"0":"post-10024","1":"product","2":"type-product","3":"status-publish","4":"has-post-thumbnail","6":"product_cat-nos-sarms","7":"product_tag-muscle-building-fr","9":"first","10":"instock","11":"sale","12":"taxable","13":"shipping-taxable","14":"purchasable","15":"product-type-simple"},"acf":[],"_links":{"self":[{"href":"https:\/\/sarmsrevolutionlab.com\/fr\/wp-json\/wp\/v2\/product\/10024","targetHints":{"allow":["GET"]}}],"collection":[{"href":"https:\/\/sarmsrevolutionlab.com\/fr\/wp-json\/wp\/v2\/product"}],"about":[{"href":"https:\/\/sarmsrevolutionlab.com\/fr\/wp-json\/wp\/v2\/types\/product"}],"replies":[{"embeddable":true,"href":"https:\/\/sarmsrevolutionlab.com\/fr\/wp-json\/wp\/v2\/comments?post=10024"}],"version-history":[{"count":0,"href":"https:\/\/sarmsrevolutionlab.com\/fr\/wp-json\/wp\/v2\/product\/10024\/revisions"}],"wp:featuredmedia":[{"embeddable":true,"href":"https:\/\/sarmsrevolutionlab.com\/fr\/wp-json\/wp\/v2\/media\/11706"}],"wp:attachment":[{"href":"https:\/\/sarmsrevolutionlab.com\/fr\/wp-json\/wp\/v2\/media?parent=10024"}],"wp:term":[{"taxonomy":"product_brand","embeddable":true,"href":"https:\/\/sarmsrevolutionlab.com\/fr\/wp-json\/wp\/v2\/product_brand?post=10024"},{"taxonomy":"product_cat","embeddable":true,"href":"https:\/\/sarmsrevolutionlab.com\/fr\/wp-json\/wp\/v2\/product_cat?post=10024"},{"taxonomy":"product_tag","embeddable":true,"href":"https:\/\/sarmsrevolutionlab.com\/fr\/wp-json\/wp\/v2\/product_tag?post=10024"}],"curies":[{"name":"wp","href":"https:\/\/api.w.org\/{rel}","templated":true}]}}