{"id":10015,"date":"2017-12-07T19:59:45","date_gmt":"2017-12-08T00:59:45","guid":{"rendered":"https:\/\/sarmsrevolutio.wpengine.com\/product\/mk-2866\/"},"modified":"2026-03-24T06:29:46","modified_gmt":"2026-03-24T10:29:46","slug":"mk-2866","status":"publish","type":"product","link":"https:\/\/sarmsrevolutionlab.com\/fr\/produit\/mk-2866\/","title":{"rendered":"MK-2866 \/ Ostarine"},"content":{"rendered":"\t\t<div data-elementor-type=\"product-post\" data-elementor-id=\"10015\" class=\"elementor elementor-10015 elementor-235\" data-elementor-post-type=\"product\">\n\t\t\t\t\t\t<section class=\"elementor-section elementor-top-section elementor-element elementor-element-5fc0539d elementor-section-boxed elementor-section-height-default elementor-section-height-default\" data-id=\"5fc0539d\" data-element_type=\"section\" data-e-type=\"section\">\n\t\t\t\t\t\t<div class=\"elementor-container elementor-column-gap-default\">\n\t\t\t\t\t<div class=\"elementor-column elementor-col-100 elementor-top-column elementor-element elementor-element-3b7d2fd6\" data-id=\"3b7d2fd6\" data-element_type=\"column\" data-e-type=\"column\">\n\t\t\t<div class=\"elementor-widget-wrap elementor-element-populated\">\n\t\t\t\t\t\t<div class=\"elementor-element elementor-element-16107300 elementor-widget elementor-widget-text-editor\" data-id=\"16107300\" data-element_type=\"widget\" data-e-type=\"widget\" data-widget_type=\"text-editor.default\">\n\t\t\t\t<div class=\"elementor-widget-container\">\n\t\t\t\t\t\t\t\t\t<p>MK-2866 (Ostarine) est un SARM puissant et efficace qui a la capacit\u00e9 d&rsquo;am\u00e9liorer la force, l&rsquo;endurance et la masse musculaire maigre tout en gu\u00e9rissant plusieurs conditions de sant\u00e9. MK-2866 a \u00e9t\u00e9 utilis\u00e9 pour gu\u00e9rir l&rsquo;ost\u00e9oporose et m\u00eame pr\u00e9venir les blessures. L&rsquo;Ostarine peut \u00e9galement \u00eatre b\u00e9n\u00e9fique pour les personnes atteintes de maladies cardiaques, qui souffrent souvent de fonte musculaire et de perte de poids. La polyvalence insens\u00e9e de ce SARM est \u00e9galement bien connue et appr\u00e9ci\u00e9e par de nombreux halt\u00e9rophiles et par une vari\u00e9t\u00e9 d&rsquo;athl\u00e8tes.<\/p><p>\u00a0<\/p><p>Il a le potentiel de pr\u00e9venir les maladies osseuses. Il est suffisamment polyvalent pour une utilisation dans les phases de coupe et de gonflement et il n&rsquo;a aucun effet secondaire enregistr\u00e9. Empil\u00e9 avec RAD-140 ou m\u00eame LGD-4033, si vous faites de l&rsquo;exercice, mangez avec un surplus calorique, ce SARM devient un moyen efficace d&rsquo;atteindre vos objectifs de gain de masse.<\/p><p>\u00a0<\/p><p>L&rsquo;Ostarine peut aider \u00e0 stimuler l&rsquo;oxydation des graisses chez l&rsquo;homme. Les utilisateurs qui sont en d\u00e9ficit calorique conna\u00eetront une bien meilleure r\u00e9tention musculaire. Vous pouvez \u00e9galement l&rsquo;avec d&rsquo;autres SARM comme le GW-501516 et le S4 pour obtenir de meilleurs r\u00e9sultats de perte de graisse.<\/p>\t\t\t\t\t\t\t\t<\/div>\n\t\t\t\t<\/div>\n\t\t\t\t\t<\/div>\n\t\t<\/div>\n\t\t\t\t\t<\/div>\n\t\t<\/section>\n\t\t\t\t<\/div>\n\t\t","protected":false},"excerpt":{"rendered":"<p>Ostarine est efficace sp\u00e9cialement pour:<\/p>\n<ul>\n<li>Augmentation de la force et de l&rsquo;endurance;<\/li>\n<li>Pr\u00e9vention des blessures et gu\u00e9rison de l\u2019ost\u00e9oporose;<\/li>\n<li>Assez polyvalent pour favoriser la fonte des graisses et le gain musculaire;<\/li>\n<li>Peut facilement \u00eatre combin\u00e9 avec tous les SARMs.<\/li>\n<\/ul>\n","protected":false},"featured_media":11715,"comment_status":"open","ping_status":"closed","template":"","meta":{"_acf_changed":false},"product_brand":[],"product_cat":[150,89],"product_tag":[72,88,82],"class_list":{"0":"post-10015","1":"product","2":"type-product","3":"status-publish","4":"has-post-thumbnail","6":"product_cat-meilleurs-vendeurs","7":"product_cat-nos-sarms","8":"product_tag-fat-burning-fr","9":"product_tag-muscle-building-fr","10":"product_tag-recomposition-corporelle","12":"first","13":"instock","14":"sale","15":"taxable","16":"shipping-taxable","17":"purchasable","18":"product-type-simple"},"acf":[],"_links":{"self":[{"href":"https:\/\/sarmsrevolutionlab.com\/fr\/wp-json\/wp\/v2\/product\/10015","targetHints":{"allow":["GET"]}}],"collection":[{"href":"https:\/\/sarmsrevolutionlab.com\/fr\/wp-json\/wp\/v2\/product"}],"about":[{"href":"https:\/\/sarmsrevolutionlab.com\/fr\/wp-json\/wp\/v2\/types\/product"}],"replies":[{"embeddable":true,"href":"https:\/\/sarmsrevolutionlab.com\/fr\/wp-json\/wp\/v2\/comments?post=10015"}],"version-history":[{"count":0,"href":"https:\/\/sarmsrevolutionlab.com\/fr\/wp-json\/wp\/v2\/product\/10015\/revisions"}],"wp:featuredmedia":[{"embeddable":true,"href":"https:\/\/sarmsrevolutionlab.com\/fr\/wp-json\/wp\/v2\/media\/11715"}],"wp:attachment":[{"href":"https:\/\/sarmsrevolutionlab.com\/fr\/wp-json\/wp\/v2\/media?parent=10015"}],"wp:term":[{"taxonomy":"product_brand","embeddable":true,"href":"https:\/\/sarmsrevolutionlab.com\/fr\/wp-json\/wp\/v2\/product_brand?post=10015"},{"taxonomy":"product_cat","embeddable":true,"href":"https:\/\/sarmsrevolutionlab.com\/fr\/wp-json\/wp\/v2\/product_cat?post=10015"},{"taxonomy":"product_tag","embeddable":true,"href":"https:\/\/sarmsrevolutionlab.com\/fr\/wp-json\/wp\/v2\/product_tag?post=10015"}],"curies":[{"name":"wp","href":"https:\/\/api.w.org\/{rel}","templated":true}]}}