{"id":10007,"date":"2017-12-07T20:00:57","date_gmt":"2017-12-07T20:00:57","guid":{"rendered":"https:\/\/sarmsrevolutio.wpengine.com\/product\/s4\/"},"modified":"2025-09-24T23:59:32","modified_gmt":"2025-09-25T03:59:32","slug":"s4","status":"publish","type":"product","link":"https:\/\/sarmsrevolutionlab.com\/fr\/produit\/s4\/","title":{"rendered":"S4 \/ Andarine"},"content":{"rendered":"\t\t<div data-elementor-type=\"product-post\" data-elementor-id=\"10007\" class=\"elementor elementor-10007 elementor-237\" data-elementor-post-type=\"product\">\n\t\t\t\t\t\t<section class=\"elementor-section elementor-top-section elementor-element elementor-element-37736626 elementor-section-boxed elementor-section-height-default elementor-section-height-default\" data-id=\"37736626\" data-element_type=\"section\" data-e-type=\"section\">\n\t\t\t\t\t\t<div class=\"elementor-container elementor-column-gap-default\">\n\t\t\t\t\t<div class=\"elementor-column elementor-col-100 elementor-top-column elementor-element elementor-element-612ccdde\" data-id=\"612ccdde\" data-element_type=\"column\" data-e-type=\"column\">\n\t\t\t<div class=\"elementor-widget-wrap elementor-element-populated\">\n\t\t\t\t\t\t<div class=\"elementor-element elementor-element-5845600 elementor-widget elementor-widget-heading\" data-id=\"5845600\" data-element_type=\"widget\" data-e-type=\"widget\" data-widget_type=\"heading.default\">\n\t\t\t\t<div class=\"elementor-widget-container\">\n\t\t\t\t\t<h2 class=\"elementor-heading-title elementor-size-default\">S4 \/ Andarine \/ Sarm S4 Canada<\/h2>\t\t\t\t<\/div>\n\t\t\t\t<\/div>\n\t\t\t\t<div class=\"elementor-element elementor-element-2bef2ac0 elementor-widget elementor-widget-text-editor\" data-id=\"2bef2ac0\" data-element_type=\"widget\" data-e-type=\"widget\" data-widget_type=\"text-editor.default\">\n\t\t\t\t<div class=\"elementor-widget-container\">\n\t\t\t\t\t\t\t\t\t<p>Le S4 SARM (Andarine) est utilis\u00e9 pour \u00e0 peu pr\u00e8s tout. Couper, grouper ou r\u00e9cup\u00e9rer n\u2019est pas un probl\u00e8me avec celui-ci. Il a \u00e9t\u00e9 cr\u00e9\u00e9 pour le traitement de l\u2019ost\u00e9oporose et des maladies d\u00e9g\u00e9n\u00e9ratives comme les dystrophies musculaires.<\/p><p>\u00a0<\/p><p>Pendant une coupe, vous pouvez vous attendre \u00e0 ce qu\u2019elle vous aide \u00e0 vous resserrer et \u00e0 gagner en vascularisation. En raison de ses propri\u00e9t\u00e9s anabolisantes, il est connu pour augmenter la force et la masse m\u00eame si vous consommez moins de calories que d\u2019habitude. \u00c0 moins que vous ne mangiez constamment de la malbouffe et que vous ne vous entra\u00eeniez pas, vous n\u2019obtiendrez aucune r\u00e9tention d\u2019eau ou ballonnement pendant une phase de gain de masse.<\/p><p>\u00a0<\/p><p>Andarine doit \u00eatre administr\u00e9 plusieurs fois par jour car il n\u2019a qu\u2019une demi-vie de 3 \u00e0 4 heures. Cela ne vous fera jamais exp\u00e9rimenter l\u2019aromatisation (le processus de transformation de la testost\u00e9rone en \u0153strog\u00e8ne). Cela \u00e9limine le risque d\u2019effets secondaires \u0153strog\u00e9niques comme la perte de cheveux, la r\u00e9tention d\u2019eau et la gyn\u00e9comastie.<\/p><p>\u00a0<\/p><p>Le S4 appartient \u00e0 l\u2019un des SARM les plus puissants disponibles. L\u2019empiler semble \u00eatre tr\u00e8s efficace pour am\u00e9liorer les r\u00e9sultats, en particulier avec le GW-501516 et le MK-2866.<\/p>\t\t\t\t\t\t\t\t<\/div>\n\t\t\t\t<\/div>\n\t\t\t\t\t<\/div>\n\t\t<\/div>\n\t\t\t\t\t<\/div>\n\t\t<\/section>\n\t\t\t\t<\/div>\n\t\t","protected":false},"excerpt":{"rendered":"<p>Ce puissant SARM est utile pour:<\/p>\n<ul>\n<li>Meilleur r\u00e9cup\u00e9ration;<\/li>\n<li>Pr\u00e9vention des dystrophies musculaires;<\/li>\n<li>Vous rend plus vasculaire, aide \u00e0 obtenir un look plus d\u00e9fini;<\/li>\n<li>\u00c9limine le risque d&rsquo;effets secondaires \u0153strog\u00e9niques et de r\u00e9tention d&rsquo;eau;<\/li>\n<li>Aide \u00e0 gagner de la masse musculaire m\u00eame gr\u00e2ce \u00e0 un r\u00e9gime \u00e0 d\u00e9ficit calorique.<\/li>\n<\/ul>\n","protected":false},"featured_media":11727,"comment_status":"open","ping_status":"closed","template":"","meta":{"_acf_changed":false},"product_brand":[],"product_cat":[89],"product_tag":[90,91,88,82],"class_list":{"0":"post-10007","1":"product","2":"type-product","3":"status-publish","4":"has-post-thumbnail","6":"product_cat-nos-sarms","7":"product_tag-cutting-fr","8":"product_tag-gain-de-muscle","9":"product_tag-muscle-building-fr","10":"product_tag-recomposition-corporelle","12":"first","13":"instock","14":"sale","15":"taxable","16":"shipping-taxable","17":"purchasable","18":"product-type-simple"},"acf":[],"_links":{"self":[{"href":"https:\/\/sarmsrevolutionlab.com\/fr\/wp-json\/wp\/v2\/product\/10007","targetHints":{"allow":["GET"]}}],"collection":[{"href":"https:\/\/sarmsrevolutionlab.com\/fr\/wp-json\/wp\/v2\/product"}],"about":[{"href":"https:\/\/sarmsrevolutionlab.com\/fr\/wp-json\/wp\/v2\/types\/product"}],"replies":[{"embeddable":true,"href":"https:\/\/sarmsrevolutionlab.com\/fr\/wp-json\/wp\/v2\/comments?post=10007"}],"version-history":[{"count":0,"href":"https:\/\/sarmsrevolutionlab.com\/fr\/wp-json\/wp\/v2\/product\/10007\/revisions"}],"wp:featuredmedia":[{"embeddable":true,"href":"https:\/\/sarmsrevolutionlab.com\/fr\/wp-json\/wp\/v2\/media\/11727"}],"wp:attachment":[{"href":"https:\/\/sarmsrevolutionlab.com\/fr\/wp-json\/wp\/v2\/media?parent=10007"}],"wp:term":[{"taxonomy":"product_brand","embeddable":true,"href":"https:\/\/sarmsrevolutionlab.com\/fr\/wp-json\/wp\/v2\/product_brand?post=10007"},{"taxonomy":"product_cat","embeddable":true,"href":"https:\/\/sarmsrevolutionlab.com\/fr\/wp-json\/wp\/v2\/product_cat?post=10007"},{"taxonomy":"product_tag","embeddable":true,"href":"https:\/\/sarmsrevolutionlab.com\/fr\/wp-json\/wp\/v2\/product_tag?post=10007"}],"curies":[{"name":"wp","href":"https:\/\/api.w.org\/{rel}","templated":true}]}}