{"id":10002,"date":"2017-12-07T20:01:08","date_gmt":"2017-12-08T01:01:08","guid":{"rendered":"https:\/\/sarmsrevolutio.wpengine.com\/product\/mk-677\/"},"modified":"2026-03-31T22:39:40","modified_gmt":"2026-04-01T02:39:40","slug":"mk-677","status":"publish","type":"product","link":"https:\/\/sarmsrevolutionlab.com\/fr\/produit\/mk-677\/","title":{"rendered":"MK 677 \/ Ibutamoren"},"content":{"rendered":"\t\t<div data-elementor-type=\"product-post\" data-elementor-id=\"10002\" class=\"elementor elementor-10002 elementor-238\" data-elementor-post-type=\"product\">\n\t\t\t\t\t\t<section class=\"elementor-section elementor-top-section elementor-element elementor-element-747ca544 elementor-section-boxed elementor-section-height-default elementor-section-height-default\" data-id=\"747ca544\" data-element_type=\"section\" data-e-type=\"section\">\n\t\t\t\t\t\t<div class=\"elementor-container elementor-column-gap-default\">\n\t\t\t\t\t<div class=\"elementor-column elementor-col-100 elementor-top-column elementor-element elementor-element-62c0b1c7\" data-id=\"62c0b1c7\" data-element_type=\"column\" data-e-type=\"column\">\n\t\t\t<div class=\"elementor-widget-wrap elementor-element-populated\">\n\t\t\t\t\t\t<div class=\"elementor-element elementor-element-130b365c elementor-widget elementor-widget-text-editor\" data-id=\"130b365c\" data-element_type=\"widget\" data-e-type=\"widget\" data-widget_type=\"text-editor.default\">\n\t\t\t\t<div class=\"elementor-widget-container\">\n\t\t\t\t\t\t\t\t\t<p><span style=\"font-weight: 400;\">Le MK-677, \u00e9galement appel\u00e9 Ibutamoren, est un SARM (modulateur s\u00e9lectif des r\u00e9cepteurs des androg\u00e8nes) qui imite un stimulateur de croissance. Ce produit augmente les taux d&rsquo;hormones de croissance dans le plasma sanguin. Sa particularit\u00e9 est qu&rsquo;il n&rsquo;affecte pas les niveaux de cortisol (l&rsquo;hormone du stress). Les substances qui augmentent le taux de cortisol sont g\u00e9n\u00e9ralement tr\u00e8s efficaces et \u00e0 action rapide, mais elles ont g\u00e9n\u00e9ralement plusieurs effets secondaires. Ce n&rsquo;est pas le cas de ce produit ; ses propri\u00e9t\u00e9s sont b\u00e9n\u00e9fiques et durables.<\/span><\/p><p><span style=\"font-weight: 400;\">Le MK-677 SARM stimule l&rsquo;IGF (facteur de croissance similaire \u00e0 l&rsquo;insuline), et augmente ainsi la masse musculaire nette sans augmenter votre masse de gras. En d&rsquo;autres mots, ce produit permet \u00e0 vos muscles de se d\u00e9velopper et de r\u00e9cup\u00e9rer plus rapidement. Il stimule \u00e9galement l&rsquo;app\u00e9tit. En activant les hormones de croissance, il stimule ensuite vos os et augmente la densit\u00e9 min\u00e9rale osseuse. Pour cette raison, il peut les aider \u00e0 se renforcer.<\/span><\/p><p><span style=\"font-weight: 400;\">Ce produit a \u00e9galement des effets positifs sur les sommeil. Les utilisateurs qui le prenaient pour plusieurs raisons ont affirm\u00e9 qu&rsquo;il avait am\u00e9lior\u00e9 la qualit\u00e9 de leur sommeil. Il a augment\u00e9 la dur\u00e9e du sommeil paradoxal, stade qui implique l&rsquo;\u00e9tat de sommeil le plus profond.<\/span><\/p><p><span style=\"font-weight: 400;\">Il s&rsquo;agit de l&rsquo;un des <\/span><a href=\"https:\/\/en.wikipedia.org\/wiki\/Selective_androgen_receptor_modulator\"><span style=\"font-weight: 400;\">SARM <\/span><\/a><span style=\"font-weight: 400;\">les plus appr\u00e9ci\u00e9s, et ce pour de nombreuses raisons. Il offre de nombreux avantages, tout en ayant tr\u00e8s peu d&rsquo;effets secondaires. De plus, de nombreuses personnes l&rsquo;utilisent pour traiter certaines maladies et insuffisances. Le MK-677 fonctionne mieux lorsqu&rsquo;il est associ\u00e9 \u00e0 la Cardarine (<\/span><a href=\"https:\/\/sarmsrevolutionlab.com\/fr\/produit\/gw-501516\/\"><span style=\"font-weight: 400;\">GW-501516<\/span><\/a><span style=\"font-weight: 400;\">) et au Testolone (RAD-140).<\/span><\/p>\t\t\t\t\t\t\t\t<\/div>\n\t\t\t\t<\/div>\n\t\t\t\t<div class=\"elementor-element elementor-element-01c2547 elementor-widget elementor-widget-html\" data-id=\"01c2547\" data-element_type=\"widget\" data-e-type=\"widget\" data-widget_type=\"html.default\">\n\t\t\t\t<div class=\"elementor-widget-container\">\n\t\t\t\t\t<style>\nbody.postid-10002 div#tab-description h2 {\n    display:block!important;\n}\nbody.postid-10002 div#tab-description h2 a,\nbody.postid-10002 .elementor-widget-accordion .elementor-accordion-icon{\n    color: #000000 !important;\n}\n<\/style>\t\t\t\t<\/div>\n\t\t\t\t<\/div>\n\t\t\t\t<div class=\"elementor-element elementor-element-0a9efc2 elementor-widget elementor-widget-accordion\" data-id=\"0a9efc2\" data-element_type=\"widget\" data-e-type=\"widget\" data-widget_type=\"accordion.default\">\n\t\t\t\t<div class=\"elementor-widget-container\">\n\t\t\t\t\t\t\t<div class=\"elementor-accordion\">\n\t\t\t\t\t\t\t<div class=\"elementor-accordion-item\">\n\t\t\t\t\t<h2 id=\"elementor-tab-title-1111\" class=\"elementor-tab-title\" data-tab=\"1\" role=\"button\" aria-controls=\"elementor-tab-content-1111\" aria-expanded=\"false\">\n\t\t\t\t\t\t\t\t\t\t\t\t\t<span class=\"elementor-accordion-icon elementor-accordion-icon-left\" aria-hidden=\"true\">\n\t\t\t\t\t\t\t\t\t\t\t\t\t\t\t<span class=\"elementor-accordion-icon-closed\"><svg class=\"e-font-icon-svg e-fas-plus\" viewBox=\"0 0 448 512\" xmlns=\"http:\/\/www.w3.org\/2000\/svg\"><path d=\"M416 208H272V64c0-17.67-14.33-32-32-32h-32c-17.67 0-32 14.33-32 32v144H32c-17.67 0-32 14.33-32 32v32c0 17.67 14.33 32 32 32h144v144c0 17.67 14.33 32 32 32h32c17.67 0 32-14.33 32-32V304h144c17.67 0 32-14.33 32-32v-32c0-17.67-14.33-32-32-32z\"><\/path><\/svg><\/span>\n\t\t\t\t\t\t\t\t<span class=\"elementor-accordion-icon-opened\"><svg class=\"e-font-icon-svg e-fas-minus\" viewBox=\"0 0 448 512\" xmlns=\"http:\/\/www.w3.org\/2000\/svg\"><path d=\"M416 208H32c-17.67 0-32 14.33-32 32v32c0 17.67 14.33 32 32 32h384c17.67 0 32-14.33 32-32v-32c0-17.67-14.33-32-32-32z\"><\/path><\/svg><\/span>\n\t\t\t\t\t\t\t\t\t\t\t\t\t\t<\/span>\n\t\t\t\t\t\t\t\t\t\t\t\t<a class=\"elementor-accordion-title\" tabindex=\"0\">Qu'est-ce que le MK-677 ?<\/a>\n\t\t\t\t\t<\/h2>\n\t\t\t\t\t<div id=\"elementor-tab-content-1111\" class=\"elementor-tab-content elementor-clearfix\" data-tab=\"1\" role=\"region\" aria-labelledby=\"elementor-tab-title-1111\"><p><span style=\"font-weight: 400;\">Le MK-677 (\u00e9galement appel\u00e9 Nutrabol et Ibutamoren) est un s\u00e9cr\u00e9teur d&rsquo;hormone qui augmente les niveaux d&rsquo;hormone de d\u00e9veloppement et d&rsquo;IGF-1 dans l&rsquo;organisme. En le prenant sous forme oral, vous pouvez vous attendre \u00e0 une augmentation de la masse maigre, \u00e0 une diminution de la graisse, \u00e0 une am\u00e9lioration de la circulation sanguine et \u00e0 une r\u00e9cup\u00e9ration rapide. Le MK-677 est parfait pour tout individu ayant besoin de se d\u00e9velopper car il augmente la masse maigre et la faim. Ce SARM est parfait pour tous. Nutrabol est une merveilleuse addition \u00e0 un traitement post-cycle suivant un cycle de prohormones.<\/span><\/p><p><span style=\"font-weight: 400;\">Depuis longtemps, la prise de suppl\u00e9ments est associ\u00e9e aux halt\u00e9rophiles pour des raisons comme l&rsquo;augmentation de la masse musculaire, l&rsquo;am\u00e9lioration de la r\u00e9cup\u00e9ration et la perte de graisse. Elle est \u00e9galement utile pour rajeunir l&rsquo;apparence de la peau. Bien que l&rsquo;univers de la vente de produits de bien-\u00eatre en ligne offre un large \u00e9ventail de suppl\u00e9ments, rien ne se compare aux effets incroyables du MK-677.<\/span><\/p><\/div>\n\t\t\t\t<\/div>\n\t\t\t\t\t\t\t<div class=\"elementor-accordion-item\">\n\t\t\t\t\t<h2 id=\"elementor-tab-title-1112\" class=\"elementor-tab-title\" data-tab=\"2\" role=\"button\" aria-controls=\"elementor-tab-content-1112\" aria-expanded=\"false\">\n\t\t\t\t\t\t\t\t\t\t\t\t\t<span class=\"elementor-accordion-icon elementor-accordion-icon-left\" aria-hidden=\"true\">\n\t\t\t\t\t\t\t\t\t\t\t\t\t\t\t<span class=\"elementor-accordion-icon-closed\"><svg class=\"e-font-icon-svg e-fas-plus\" viewBox=\"0 0 448 512\" xmlns=\"http:\/\/www.w3.org\/2000\/svg\"><path d=\"M416 208H272V64c0-17.67-14.33-32-32-32h-32c-17.67 0-32 14.33-32 32v144H32c-17.67 0-32 14.33-32 32v32c0 17.67 14.33 32 32 32h144v144c0 17.67 14.33 32 32 32h32c17.67 0 32-14.33 32-32V304h144c17.67 0 32-14.33 32-32v-32c0-17.67-14.33-32-32-32z\"><\/path><\/svg><\/span>\n\t\t\t\t\t\t\t\t<span class=\"elementor-accordion-icon-opened\"><svg class=\"e-font-icon-svg e-fas-minus\" viewBox=\"0 0 448 512\" xmlns=\"http:\/\/www.w3.org\/2000\/svg\"><path d=\"M416 208H32c-17.67 0-32 14.33-32 32v32c0 17.67 14.33 32 32 32h384c17.67 0 32-14.33 32-32v-32c0-17.67-14.33-32-32-32z\"><\/path><\/svg><\/span>\n\t\t\t\t\t\t\t\t\t\t\t\t\t\t<\/span>\n\t\t\t\t\t\t\t\t\t\t\t\t<a class=\"elementor-accordion-title\" tabindex=\"0\">Comment l'Ibutamoren MK-677 agit-il sur le corps ?<\/a>\n\t\t\t\t\t<\/h2>\n\t\t\t\t\t<div id=\"elementor-tab-content-1112\" class=\"elementor-tab-content elementor-clearfix\" data-tab=\"2\" role=\"region\" aria-labelledby=\"elementor-tab-title-1112\"><p><span style=\"font-weight: 400;\">Comme mentionn\u00e9 ci-haut, l&rsquo;ibutamoren peut aider notre corps \u00e0 produire davantage d&rsquo;hormones de croissance naturelles.\u00a0<\/span><\/p><p><span style=\"font-weight: 400;\">L&rsquo;ibutamoren stimule l&rsquo;organisme afin qu&rsquo;il produise une plus grande quantit\u00e9 d&rsquo;hormones de croissance (GH), ainsi que davantage de facteurs de croissance similaires \u00e0 l&rsquo;insuline (IGF-1). Contrairement aux individus qui s&rsquo;injectent de l&rsquo;hormone de croissance ou qui suivent un traitement \u00e0 base d&rsquo;hormone de celle-ci, le MK-677 augmente la production d&rsquo;hormone de croissance de l&rsquo;organisme de mani\u00e8re naturelle et \u00e0 des doses plus faibles.<\/span><\/p><p><span style=\"font-weight: 400;\">Les hormones de croissance sont essentiellement semblables les unes aux autres. Parfois, la seule diff\u00e9rence r\u00e9side dans l&rsquo;interaction avec d&rsquo;autres hormones, les scientifiques ayant trouv\u00e9 des moyens d&rsquo;am\u00e9liorer le fonctionnement de chacune d&rsquo;elles. Le taux d&rsquo;activation de l&rsquo;hormone de croissance devrait \u00eatre l\u00e9g\u00e8rement plus \u00e9lev\u00e9 chez les adolescents.<\/span><\/p><\/div>\n\t\t\t\t<\/div>\n\t\t\t\t\t\t\t<div class=\"elementor-accordion-item\">\n\t\t\t\t\t<h2 id=\"elementor-tab-title-1113\" class=\"elementor-tab-title\" data-tab=\"3\" role=\"button\" aria-controls=\"elementor-tab-content-1113\" aria-expanded=\"false\">\n\t\t\t\t\t\t\t\t\t\t\t\t\t<span class=\"elementor-accordion-icon elementor-accordion-icon-left\" aria-hidden=\"true\">\n\t\t\t\t\t\t\t\t\t\t\t\t\t\t\t<span class=\"elementor-accordion-icon-closed\"><svg class=\"e-font-icon-svg e-fas-plus\" viewBox=\"0 0 448 512\" xmlns=\"http:\/\/www.w3.org\/2000\/svg\"><path d=\"M416 208H272V64c0-17.67-14.33-32-32-32h-32c-17.67 0-32 14.33-32 32v144H32c-17.67 0-32 14.33-32 32v32c0 17.67 14.33 32 32 32h144v144c0 17.67 14.33 32 32 32h32c17.67 0 32-14.33 32-32V304h144c17.67 0 32-14.33 32-32v-32c0-17.67-14.33-32-32-32z\"><\/path><\/svg><\/span>\n\t\t\t\t\t\t\t\t<span class=\"elementor-accordion-icon-opened\"><svg class=\"e-font-icon-svg e-fas-minus\" viewBox=\"0 0 448 512\" xmlns=\"http:\/\/www.w3.org\/2000\/svg\"><path d=\"M416 208H32c-17.67 0-32 14.33-32 32v32c0 17.67 14.33 32 32 32h384c17.67 0 32-14.33 32-32v-32c0-17.67-14.33-32-32-32z\"><\/path><\/svg><\/span>\n\t\t\t\t\t\t\t\t\t\t\t\t\t\t<\/span>\n\t\t\t\t\t\t\t\t\t\t\t\t<a class=\"elementor-accordion-title\" tabindex=\"0\">Pourquoi utiliser l'ibutamor\u00e8ne (MK-677) ?<\/a>\n\t\t\t\t\t<\/h2>\n\t\t\t\t\t<div id=\"elementor-tab-content-1113\" class=\"elementor-tab-content elementor-clearfix\" data-tab=\"3\" role=\"region\" aria-labelledby=\"elementor-tab-title-1113\"><p>Le MK-677 est un s\u00e9cr\u00e9teur d&rsquo;hormone de croissance \u00e0 fort potentiel et aux multiples avantages. L&rsquo;ibutamoren fait l&rsquo;objet de recherches en tant que traitement potentiel de probl\u00e8mes tels que la d\u00e9ficience en hormone de croissance, la fonte musculaire et la faible densit\u00e9 osseuse. Il contribue \u00e9galement \u00e0 stimuler l&rsquo;app\u00e9tit en se fixant sur un r\u00e9cepteur de la ghr\u00e9line et semble m\u00eame prometteur pour le traitement de l&rsquo;Alzheimer.<\/p><h3>Aide \u00e0 d\u00e9velopper rapidement de la masse musculaire maigre<\/h3><p>Souvent utilis\u00e9 comme une substance anabolisante, l&rsquo;ibutamoren est un moyen efficace d&rsquo;augmenter la masse corporelle. En stimulant la production naturelle d&rsquo;hormones de croissance et d&rsquo;IGF-1, le MK-677 aide votre corps \u00e0 cr\u00e9er et \u00e0 maintenir une masse corporelle maigre. En effet, les hormones de croissance ont \u00e9t\u00e9 associ\u00e9es \u00e0 des avantages tels que l&rsquo;augmentation de la taille et de la force musculaire, bien que cela puisse varier en fonction de la nutrition et des habitudes de vie de l&rsquo;individu. En tant que suppl\u00e9ment, le Mk-677 peut avoir des effets remarquables sur votre corps et vos performances.<\/p><h3>R\u00e9duire la fonte musculaire suite \u00e0 une baisse de la teneur en prot\u00e9ines<\/h3><p>Des \u00e9tudes r\u00e9centes ont montr\u00e9 que nos muscles peuvent s&rsquo;atrophier suite \u00e0 une baisse de la quantit\u00e9 de prot\u00e9ines dans l&rsquo;alimentation d&rsquo;un individu, un ph\u00e9nom\u00e8ne appel\u00e9 catabolisme prot\u00e9ique.<\/p><h3>Am\u00e9lioration de la r\u00e9cup\u00e9ration apr\u00e8s un effort physique<\/h3><p>Apr\u00e8s un entra\u00eenement ou un effort intense, le corps a besoin d&rsquo;un certain temps pour r\u00e9cup\u00e9rer. En prenant de l&rsquo;ibutamoren, les athl\u00e8tes et les culturistes ont pu r\u00e9duire consid\u00e9rablement le temps de r\u00e9cup\u00e9ration, ce qui leur permet de s&rsquo;entra\u00eener plus souvent.<\/p><h3>Augmentation de la densit\u00e9 osseuse<\/h3><p>La solidit\u00e9 des os est mesur\u00e9e par la densit\u00e9 min\u00e9rale osseuse, qui peut \u00eatre plus faible dans certaines populations, comme chez les personnes souffrant d&rsquo;ob\u00e9sit\u00e9, les femmes en p\u00e9riode de m\u00e9nopause et les personnes \u00e2g\u00e9es. Le MK-677 a montr\u00e9 qu&rsquo;il avait un effet positif sur la densit\u00e9 min\u00e9rale osseuse et la r\u00e9sorption osseuse, et s&rsquo;est r\u00e9v\u00e9l\u00e9 prometteur dans le traitement et la pr\u00e9vention de l&rsquo;ost\u00e9oporose.\u00a0<\/p><h3>Effets nootropiques possibles sur le cerveau<\/h3><p>Le MK676 est r\u00e9put\u00e9 pour imiter la ghr\u00e9line, une hormone produite principalement par l&rsquo;estomac qui remplit de multiples fonctions, comme l&rsquo;augmentation de l&rsquo;app\u00e9tit et donc une augmentation de nourriture ing\u00e9r\u00e9e. MK-677 peut se fixer \u00e0 un r\u00e9cepteur de la ghr\u00e9line et a de nombreux effets nootropiques potentiels sur le cerveau.\u00a0<\/p><h3>Meilleur qualit\u00e9 du sommeil<\/h3><p>Certaines \u00e9tudes semblent \u00e9galement indiquer que l&rsquo;ibutamoren am\u00e9liore la qualit\u00e9 du sommeil et augmente le sommeil paradoxal (Rapid Eye Movement).<\/p><h3>Autres avantages de l&rsquo;ibutamzoren (MK-677)<\/h3><ul><li aria-level=\"1\">Administration orale ;<\/li><li aria-level=\"1\">Augmente le poids ;<\/li><li aria-level=\"1\">Am\u00e9liore la r\u00e9cup\u00e9ration des tissus ;<\/li><li aria-level=\"1\">Augmente les niveaux d&rsquo;hormone de d\u00e9veloppement ;<\/li><li aria-level=\"1\">Augmentation de l&rsquo;hormone de croissance d\u00e9montr\u00e9e cliniquement ;<\/li><li aria-level=\"1\">Am\u00e9lioration de la vitalit\u00e9 et r\u00e9cup\u00e9ration plus rapide ;<\/li><li aria-level=\"1\">Diminue la graisse\u00a0 ;<\/li><li aria-level=\"1\">Am\u00e9liore la qualit\u00e9 du sommeil et le sommeil paradoxal (REM) ;<\/li><li aria-level=\"1\">Augmente le facteur de d\u00e9veloppement similaire \u00e0 l&rsquo;insuline 1 (IGF-1) ;<\/li><li aria-level=\"1\">Am\u00e9liore le m\u00e9tabolisme ;<\/li><li aria-level=\"1\">Renforce les os, les ligaments et les tendons ;<\/li><li aria-level=\"1\">Am\u00e9liore le sentiment de prosp\u00e9rit\u00e9 ;<\/li><li aria-level=\"1\">Am\u00e9lioration de la qualit\u00e9 du sommeil et du sommeil profond ;<\/li><li aria-level=\"1\">Am\u00e9lioration significative de l&rsquo;apparence de la peau et du teint ;<\/li><\/ul><p><br \/><br \/><\/p><\/div>\n\t\t\t\t<\/div>\n\t\t\t\t\t\t\t<div class=\"elementor-accordion-item\">\n\t\t\t\t\t<h2 id=\"elementor-tab-title-1114\" class=\"elementor-tab-title\" data-tab=\"4\" role=\"button\" aria-controls=\"elementor-tab-content-1114\" aria-expanded=\"false\">\n\t\t\t\t\t\t\t\t\t\t\t\t\t<span class=\"elementor-accordion-icon elementor-accordion-icon-left\" aria-hidden=\"true\">\n\t\t\t\t\t\t\t\t\t\t\t\t\t\t\t<span class=\"elementor-accordion-icon-closed\"><svg class=\"e-font-icon-svg e-fas-plus\" viewBox=\"0 0 448 512\" xmlns=\"http:\/\/www.w3.org\/2000\/svg\"><path d=\"M416 208H272V64c0-17.67-14.33-32-32-32h-32c-17.67 0-32 14.33-32 32v144H32c-17.67 0-32 14.33-32 32v32c0 17.67 14.33 32 32 32h144v144c0 17.67 14.33 32 32 32h32c17.67 0 32-14.33 32-32V304h144c17.67 0 32-14.33 32-32v-32c0-17.67-14.33-32-32-32z\"><\/path><\/svg><\/span>\n\t\t\t\t\t\t\t\t<span class=\"elementor-accordion-icon-opened\"><svg class=\"e-font-icon-svg e-fas-minus\" viewBox=\"0 0 448 512\" xmlns=\"http:\/\/www.w3.org\/2000\/svg\"><path d=\"M416 208H32c-17.67 0-32 14.33-32 32v32c0 17.67 14.33 32 32 32h384c17.67 0 32-14.33 32-32v-32c0-17.67-14.33-32-32-32z\"><\/path><\/svg><\/span>\n\t\t\t\t\t\t\t\t\t\t\t\t\t\t<\/span>\n\t\t\t\t\t\t\t\t\t\t\t\t<a class=\"elementor-accordion-title\" tabindex=\"0\">Comment utiliser l'ibutamoren (MK-677) ?<\/a>\n\t\t\t\t\t<\/h2>\n\t\t\t\t\t<div id=\"elementor-tab-content-1114\" class=\"elementor-tab-content elementor-clearfix\" data-tab=\"4\" role=\"region\" aria-labelledby=\"elementor-tab-title-1114\"><h3>SARM Revolution Liquid MK-677\u00a0<\/h3><p>Notre MK-677 est disponible sous forme liquide et se prend par voie orale.<\/p><h3>MK-677 Dur\u00e9e du cycle<\/h3><p>L&rsquo;ibutamoren (MK-677) est utilis\u00e9 de pr\u00e9f\u00e9rence dans des cycles de 8 \u00e0 20 semaines pour les hommes et de 6 \u00e0 2 mois pour les femmes, mais cela peut varier en fonction des pr\u00e9f\u00e9rences de chacun et des conditions du cycle. Ce m\u00e9dicament peut \u00eatre pris sans interruption et la plupart des clients ne le prennent pas de mani\u00e8re continue.<\/p><h3>Prise de Ibutamoren Ml pour les hommes<\/h3><p>5-25 mg chaque jour, id\u00e9alement 30-40 minutes avant les exercices et apr\u00e8s les repas, sur une p\u00e9riode de huit \u00e0 quatorze semaines.<\/p><h3>Prise de Ibutamoren Ml pour les femmes<\/h3><p>5-15 mg chaque jour, id\u00e9alement 30-40 minutes avant les exercices et apr\u00e8s les repas, dans un cycle de six \u00e0 huit semaines.<\/p><h3>Demi-vie<\/h3><p>La demi-vie du MK-677 est de 24 heures et peut donc \u00eatre prise une fois par jour. Dans tous les cas, elle atteint son sommet entre 4 et 6 heures, ce qui fait que certains recommandent des doses fractionn\u00e9es.<\/p><h3>Jumelage du MK-677<\/h3><p>Le MK-677 est id\u00e9alement associ\u00e9 \u00e0 l&rsquo;Ostarine, au S-4 et \u00e0 la Cardarine dans un cycle de huit \u00e0 douze semaines. Il a tendance \u00e0 \u00eatre combin\u00e9 dans un but de gain de masse avec LGD-4033. Pour un gain de masse grasse, il peut tr\u00e8s bien \u00eatre combin\u00e9 avec Andarine et GW-501516. Il pourrait \u00eatre combin\u00e9 avec le GW-501516 pour am\u00e9liorer la dur\u00e9e de vie. Ce SARM peut \u00eatre utilis\u00e9 autant dans les cycles ou vous souhaitez perdre la masse graisseuse et lorsque vous souhaitez augmenter votre masse.<\/p><h3>R\u00e9sultats<\/h3><p>Des examens cliniques ont montr\u00e9 que le Nutrabol est tr\u00e8s efficace pour lutter contre le surpoids d\u00fb \u00e0 l&rsquo;alimentation. Cela se fait essentiellement en augmentant les taux du facteur de d\u00e9veloppement insulinique 1 et de l&rsquo;hormone de d\u00e9veloppement.<\/p><\/div>\n\t\t\t\t<\/div>\n\t\t\t\t\t\t\t<div class=\"elementor-accordion-item\">\n\t\t\t\t\t<h2 id=\"elementor-tab-title-1115\" class=\"elementor-tab-title\" data-tab=\"5\" role=\"button\" aria-controls=\"elementor-tab-content-1115\" aria-expanded=\"false\">\n\t\t\t\t\t\t\t\t\t\t\t\t\t<span class=\"elementor-accordion-icon elementor-accordion-icon-left\" aria-hidden=\"true\">\n\t\t\t\t\t\t\t\t\t\t\t\t\t\t\t<span class=\"elementor-accordion-icon-closed\"><svg class=\"e-font-icon-svg e-fas-plus\" viewBox=\"0 0 448 512\" xmlns=\"http:\/\/www.w3.org\/2000\/svg\"><path d=\"M416 208H272V64c0-17.67-14.33-32-32-32h-32c-17.67 0-32 14.33-32 32v144H32c-17.67 0-32 14.33-32 32v32c0 17.67 14.33 32 32 32h144v144c0 17.67 14.33 32 32 32h32c17.67 0 32-14.33 32-32V304h144c17.67 0 32-14.33 32-32v-32c0-17.67-14.33-32-32-32z\"><\/path><\/svg><\/span>\n\t\t\t\t\t\t\t\t<span class=\"elementor-accordion-icon-opened\"><svg class=\"e-font-icon-svg e-fas-minus\" viewBox=\"0 0 448 512\" xmlns=\"http:\/\/www.w3.org\/2000\/svg\"><path d=\"M416 208H32c-17.67 0-32 14.33-32 32v32c0 17.67 14.33 32 32 32h384c17.67 0 32-14.33 32-32v-32c0-17.67-14.33-32-32-32z\"><\/path><\/svg><\/span>\n\t\t\t\t\t\t\t\t\t\t\t\t\t\t<\/span>\n\t\t\t\t\t\t\t\t\t\t\t\t<a class=\"elementor-accordion-title\" tabindex=\"0\">Y a-t-il des effets secondaires n\u00e9gatifs ou des risques pour la sant\u00e9 li\u00e9s aux s\u00e9cr\u00e9teurs d'hormones de croissance ?<\/a>\n\t\t\t\t\t<\/h2>\n\t\t\t\t\t<div id=\"elementor-tab-content-1115\" class=\"elementor-tab-content elementor-clearfix\" data-tab=\"5\" role=\"region\" aria-labelledby=\"elementor-tab-title-1115\"><p><span style=\"font-weight: 400;\">Le MK-677 a des effets secondaires tr\u00e8s minimes par rapport \u00e0 d&rsquo;autres traitements \u00e0 base d&rsquo;hormone de croissance ou \u00e0 d&rsquo;autres suppl\u00e9ments. Il s&rsquo;est \u00e9galement r\u00e9v\u00e9l\u00e9 efficace lors d&rsquo;une utilisation \u00e0 long terme et pr\u00e9vient de nombreux effets ind\u00e9sirables li\u00e9s au vieillissement.\u00a0<\/span><\/p><p><span style=\"font-weight: 400;\">Les effets secondaires rapport\u00e9s sont l&rsquo;augmentation de l&rsquo;app\u00e9tit caus\u00e9e par le d\u00e9clenchement des r\u00e9cepteurs de la ghr\u00e9line. Un autre \u00e9l\u00e9ment \u00e0 prendre en consid\u00e9ration est la pr\u00e9sence d&rsquo;Ibutamoren de mauvaise qualit\u00e9 ou de contrebande sur le march\u00e9. Il est donc d&rsquo;autant plus important de l&rsquo;acheter aupr\u00e8s d&rsquo;une source fiable telle que SARM Revolution.<\/span><\/p><\/div>\n\t\t\t\t<\/div>\n\t\t\t\t\t\t\t\t<\/div>\n\t\t\t\t\t\t<\/div>\n\t\t\t\t<\/div>\n\t\t\t\t\t<\/div>\n\t\t<\/div>\n\t\t\t\t\t<\/div>\n\t\t<\/section>\n\t\t\t\t<\/div>\n\t\t","protected":false},"excerpt":{"rendered":"<p>Dans l&rsquo;ensemble, ce grand SARM est connu pour:<\/p>\n<ul>\n<li>Augmente l&rsquo;hormone de croissance dans le syst\u00e8me;<\/li>\n<li>Ne d\u00e9clenche pas la production ind\u00e9sirable de cortisol;<\/li>\n<li>Augmente la masse musculaire;<\/li>\n<li>Am\u00e9liore la qualit\u00e9 du sommeil;<\/li>\n<li>Propri\u00e9t\u00e9s durables \u00e0 long terme.<\/li>\n<\/ul>\n","protected":false},"featured_media":20153,"comment_status":"closed","ping_status":"closed","template":"","meta":{"_acf_changed":false},"product_brand":[],"product_cat":[150,89],"product_tag":[88],"class_list":{"0":"post-10002","1":"product","2":"type-product","3":"status-publish","4":"has-post-thumbnail","6":"product_cat-meilleurs-vendeurs","7":"product_cat-nos-sarms","8":"product_tag-muscle-building-fr","10":"first","11":"instock","12":"sale","13":"taxable","14":"shipping-taxable","15":"purchasable","16":"product-type-simple"},"acf":[],"_links":{"self":[{"href":"https:\/\/sarmsrevolutionlab.com\/fr\/wp-json\/wp\/v2\/product\/10002","targetHints":{"allow":["GET"]}}],"collection":[{"href":"https:\/\/sarmsrevolutionlab.com\/fr\/wp-json\/wp\/v2\/product"}],"about":[{"href":"https:\/\/sarmsrevolutionlab.com\/fr\/wp-json\/wp\/v2\/types\/product"}],"replies":[{"embeddable":true,"href":"https:\/\/sarmsrevolutionlab.com\/fr\/wp-json\/wp\/v2\/comments?post=10002"}],"version-history":[{"count":0,"href":"https:\/\/sarmsrevolutionlab.com\/fr\/wp-json\/wp\/v2\/product\/10002\/revisions"}],"wp:featuredmedia":[{"embeddable":true,"href":"https:\/\/sarmsrevolutionlab.com\/fr\/wp-json\/wp\/v2\/media\/20153"}],"wp:attachment":[{"href":"https:\/\/sarmsrevolutionlab.com\/fr\/wp-json\/wp\/v2\/media?parent=10002"}],"wp:term":[{"taxonomy":"product_brand","embeddable":true,"href":"https:\/\/sarmsrevolutionlab.com\/fr\/wp-json\/wp\/v2\/product_brand?post=10002"},{"taxonomy":"product_cat","embeddable":true,"href":"https:\/\/sarmsrevolutionlab.com\/fr\/wp-json\/wp\/v2\/product_cat?post=10002"},{"taxonomy":"product_tag","embeddable":true,"href":"https:\/\/sarmsrevolutionlab.com\/fr\/wp-json\/wp\/v2\/product_tag?post=10002"}],"curies":[{"name":"wp","href":"https:\/\/api.w.org\/{rel}","templated":true}]}}