{"id":9952,"date":"2021-02-16T12:51:32","date_gmt":"2021-02-16T17:51:32","guid":{"rendered":"https:\/\/sarmsrevolutio.wpengine.com\/?page_id=9952"},"modified":"2025-04-05T00:06:32","modified_gmt":"2025-04-05T04:06:32","slug":"contact","status":"publish","type":"page","link":"https:\/\/sarmsrevolutionlab.com\/fr\/contact\/","title":{"rendered":"Contact"},"content":{"rendered":"\t\t<div data-elementor-type=\"wp-page\" data-elementor-id=\"9952\" class=\"elementor elementor-9952 elementor-312\" data-elementor-post-type=\"page\">\n\t\t\t\t\t\t<section class=\"elementor-section elementor-top-section elementor-element elementor-element-41bf1004 elementor-section-boxed elementor-section-height-default elementor-section-height-default\" data-id=\"41bf1004\" data-element_type=\"section\" data-e-type=\"section\">\n\t\t\t\t\t\t<div class=\"elementor-container elementor-column-gap-default\">\n\t\t\t\t\t<div class=\"elementor-column elementor-col-100 elementor-top-column elementor-element elementor-element-3da6da41\" data-id=\"3da6da41\" data-element_type=\"column\" data-e-type=\"column\">\n\t\t\t<div class=\"elementor-widget-wrap elementor-element-populated\">\n\t\t\t\t\t\t<div class=\"elementor-element elementor-element-49f3d4c elementor-widget elementor-widget-heading\" data-id=\"49f3d4c\" data-element_type=\"widget\" data-e-type=\"widget\" data-widget_type=\"heading.default\">\n\t\t\t\t<div class=\"elementor-widget-container\">\n\t\t\t\t\t<h1 class=\"elementor-heading-title elementor-size-default\">Contact<\/h1>\t\t\t\t<\/div>\n\t\t\t\t<\/div>\n\t\t\t\t<div class=\"elementor-element elementor-element-037ab79 elementor-widget elementor-widget-heading\" data-id=\"037ab79\" data-element_type=\"widget\" data-e-type=\"widget\" data-widget_type=\"heading.default\">\n\t\t\t\t<div class=\"elementor-widget-container\">\n\t\t\t\t\t<h2 class=\"elementor-heading-title elementor-size-default\">Pour toute demande d'informations, merci de remplir le formulaire de contact.\nNous vous contacterons d\u00e8s que possible.<\/h2>\t\t\t\t<\/div>\n\t\t\t\t<\/div>\n\t\t\t\t\t<\/div>\n\t\t<\/div>\n\t\t\t\t\t<\/div>\n\t\t<\/section>\n\t\t\t\t<section class=\"elementor-section elementor-top-section elementor-element elementor-element-74c54e0 elementor-section-boxed elementor-section-height-default elementor-section-height-default\" data-id=\"74c54e0\" data-element_type=\"section\" data-e-type=\"section\">\n\t\t\t\t\t\t<div class=\"elementor-container elementor-column-gap-default\">\n\t\t\t\t\t<div class=\"elementor-column elementor-col-50 elementor-top-column elementor-element elementor-element-9e6aa16\" data-id=\"9e6aa16\" data-element_type=\"column\" data-e-type=\"column\">\n\t\t\t<div class=\"elementor-widget-wrap elementor-element-populated\">\n\t\t\t\t\t\t<div class=\"elementor-element elementor-element-ff8b3cd elementor-widget elementor-widget-text-editor\" data-id=\"ff8b3cd\" data-element_type=\"widget\" data-e-type=\"widget\" data-widget_type=\"text-editor.default\">\n\t\t\t\t<div class=\"elementor-widget-container\">\n\t\t\t\t\t\t\t\t\t<p style=\"text-align: center;\"><span class=\"LrzXr zdqRlf kno-fv\"><span role=\"link\" aria-label=\"Appeler le +1 866-506-7276\"><a href=\"tel:+1 866-506-7276\">+1 866-506-7276 (SARM)<\/a><\/span><\/span><\/p><p style=\"text-align: center;\"><a href=\"mailto:orders@sarmsrevolutionlab.com\">orders@sarmsrevolutionlab.com<\/a><\/p><p style=\"text-align: center;\">1020 Rue Bouvier<br \/>Qu\u00e9bec City, Quebec<br \/>G2K 0K9<\/p>\t\t\t\t\t\t\t\t<\/div>\n\t\t\t\t<\/div>\n\t\t\t\t\t<\/div>\n\t\t<\/div>\n\t\t\t\t<div class=\"elementor-column elementor-col-50 elementor-top-column elementor-element elementor-element-442cc5c\" data-id=\"442cc5c\" data-element_type=\"column\" data-e-type=\"column\">\n\t\t\t<div class=\"elementor-widget-wrap elementor-element-populated\">\n\t\t\t\t\t\t<div class=\"elementor-element elementor-element-69da1c8 elementor-widget elementor-widget-text-editor\" data-id=\"69da1c8\" data-element_type=\"widget\" data-e-type=\"widget\" data-widget_type=\"text-editor.default\">\n\t\t\t\t<div class=\"elementor-widget-container\">\n\t\t\t\t\t\t\t\t\t<p><div class='_form_14'><\/div><script type='text\/javascript' src='https:\/\/sarms.activehosted.com\/f\/embed.php?static=0&#038;id=14&#038;69E59F2D2D73A&#038;nostyles=0&#038;preview=0'><\/script><\/p>\t\t\t\t\t\t\t\t<\/div>\n\t\t\t\t<\/div>\n\t\t\t\t\t<\/div>\n\t\t<\/div>\n\t\t\t\t\t<\/div>\n\t\t<\/section>\n\t\t\t\t<section class=\"elementor-section elementor-top-section elementor-element elementor-element-273d6ae elementor-section-boxed elementor-section-height-default elementor-section-height-default\" data-id=\"273d6ae\" data-element_type=\"section\" data-e-type=\"section\">\n\t\t\t\t\t\t<div class=\"elementor-container elementor-column-gap-default\">\n\t\t\t\t\t<div class=\"elementor-column elementor-col-100 elementor-top-column elementor-element elementor-element-0756d97\" data-id=\"0756d97\" data-element_type=\"column\" data-e-type=\"column\">\n\t\t\t<div class=\"elementor-widget-wrap elementor-element-populated\">\n\t\t\t\t\t\t<div class=\"elementor-element elementor-element-a194a36 elementor-widget-divider--view-line elementor-widget elementor-widget-divider\" data-id=\"a194a36\" data-element_type=\"widget\" data-e-type=\"widget\" data-widget_type=\"divider.default\">\n\t\t\t\t<div class=\"elementor-widget-container\">\n\t\t\t\t\t\t\t<div class=\"elementor-divider\">\n\t\t\t<span class=\"elementor-divider-separator\">\n\t\t\t\t\t\t<\/span>\n\t\t<\/div>\n\t\t\t\t\t\t<\/div>\n\t\t\t\t<\/div>\n\t\t\t\t<div class=\"elementor-element elementor-element-e11d111 elementor-widget elementor-widget-heading\" data-id=\"e11d111\" data-element_type=\"widget\" data-e-type=\"widget\" data-widget_type=\"heading.default\">\n\t\t\t\t<div class=\"elementor-widget-container\">\n\t\t\t\t\t<h2 class=\"elementor-heading-title elementor-size-default\">Devenez Distributeur<\/h2>\t\t\t\t<\/div>\n\t\t\t\t<\/div>\n\t\t\t\t<div class=\"elementor-element elementor-element-da4bf33 elementor-widget elementor-widget-text-editor\" data-id=\"da4bf33\" data-element_type=\"widget\" data-e-type=\"widget\" data-widget_type=\"text-editor.default\">\n\t\t\t\t<div class=\"elementor-widget-container\">\n\t\t\t\t\t\t\t\t\t<p style=\"text-align: center;\"><span style=\"color: #000000;\">Devenez distributeur de nos produits SARMS, les plus vendus sur le march\u00e9. Avec notre soutien et notre expertise, vous pouvez aider les athl\u00e8tes et les passionn\u00e9s de fitness \u00e0 atteindre leurs objectifs de mani\u00e8re s\u00fbre et efficace. Contactez-nous d\u00e8s maintenant pour en savoir plus sur cette opportunit\u00e9 passionnante !<\/span><\/p><p style=\"text-align: center;\">\u00c9crivez-nous \u00e0 l&rsquo;adresse suivante :<\/p><p style=\"text-align: center;\"><span style=\"color: #ff0000;\"><a style=\"color: #ff0000;\" href=\"mailto: info@sarmsrevolutionlab.com?subject= Je souhaite devenir distributeur pour SRL!\"><strong>info@sarmsrevolutionlab.com<\/strong><\/a><\/span><\/p>\t\t\t\t\t\t\t\t<\/div>\n\t\t\t\t<\/div>\n\t\t\t\t\t<\/div>\n\t\t<\/div>\n\t\t\t\t\t<\/div>\n\t\t<\/section>\n\t\t\t\t<\/div>\n\t\t","protected":false},"excerpt":{"rendered":"<p>Contact Pour toute demande d&rsquo;informations, merci de remplir le formulaire de contact. Nous vous contacterons d\u00e8s que possible. +1 866-506-7276 (SARM) orders@sarmsrevolutionlab.com 1020 Rue BouvierQu\u00e9bec City, QuebecG2K 0K9 Devenez Distributeur Devenez distributeur de nos produits SARMS, les plus vendus sur le march\u00e9. Avec notre soutien et notre expertise, vous pouvez aider les athl\u00e8tes et les [&hellip;]<\/p>\n","protected":false},"author":4064,"featured_media":0,"parent":0,"menu_order":0,"comment_status":"closed","ping_status":"closed","template":"","meta":{"_acf_changed":false,"footnotes":""},"class_list":["post-9952","page","type-page","status-publish","hentry"],"acf":[],"_links":{"self":[{"href":"https:\/\/sarmsrevolutionlab.com\/fr\/wp-json\/wp\/v2\/pages\/9952","targetHints":{"allow":["GET"]}}],"collection":[{"href":"https:\/\/sarmsrevolutionlab.com\/fr\/wp-json\/wp\/v2\/pages"}],"about":[{"href":"https:\/\/sarmsrevolutionlab.com\/fr\/wp-json\/wp\/v2\/types\/page"}],"author":[{"embeddable":true,"href":"https:\/\/sarmsrevolutionlab.com\/fr\/wp-json\/wp\/v2\/users\/4064"}],"replies":[{"embeddable":true,"href":"https:\/\/sarmsrevolutionlab.com\/fr\/wp-json\/wp\/v2\/comments?post=9952"}],"version-history":[{"count":0,"href":"https:\/\/sarmsrevolutionlab.com\/fr\/wp-json\/wp\/v2\/pages\/9952\/revisions"}],"wp:attachment":[{"href":"https:\/\/sarmsrevolutionlab.com\/fr\/wp-json\/wp\/v2\/media?parent=9952"}],"curies":[{"name":"wp","href":"https:\/\/api.w.org\/{rel}","templated":true}]}}