{"id":10855,"date":"2021-01-14T16:45:38","date_gmt":"2021-01-14T16:45:38","guid":{"rendered":"https:\/\/sarmsrevolutio.wpengine.com\/thank-you-subscription\/"},"modified":"2024-08-19T11:15:10","modified_gmt":"2024-08-19T15:15:10","slug":"merci-infolettre","status":"publish","type":"page","link":"https:\/\/sarmsrevolutionlab.com\/fr\/merci-infolettre\/","title":{"rendered":"Merci"},"content":{"rendered":"\t\t<div data-elementor-type=\"wp-page\" data-elementor-id=\"10855\" class=\"elementor elementor-10855 elementor-9452\" data-elementor-post-type=\"page\">\n\t\t\t\t\t\t<section class=\"elementor-section elementor-top-section elementor-element elementor-element-6ec9f325 elementor-section-boxed elementor-section-height-default elementor-section-height-default\" data-id=\"6ec9f325\" data-element_type=\"section\" data-e-type=\"section\">\n\t\t\t\t\t\t<div class=\"elementor-container elementor-column-gap-default\">\n\t\t\t\t\t<div class=\"elementor-column elementor-col-100 elementor-top-column elementor-element elementor-element-11c8ade2\" data-id=\"11c8ade2\" data-element_type=\"column\" data-e-type=\"column\">\n\t\t\t<div class=\"elementor-widget-wrap elementor-element-populated\">\n\t\t\t\t\t\t<div class=\"elementor-element elementor-element-9883914 elementor-widget elementor-widget-heading\" data-id=\"9883914\" data-element_type=\"widget\" data-e-type=\"widget\" data-widget_type=\"heading.default\">\n\t\t\t\t<div class=\"elementor-widget-container\">\n\t\t\t\t\t<h2 class=\"elementor-heading-title elementor-size-default\">Merci de vous \u00eatre inscrit !\n<\/h2>\t\t\t\t<\/div>\n\t\t\t\t<\/div>\n\t\t\t\t<div class=\"elementor-element elementor-element-517590d9 elementor-widget elementor-widget-text-editor\" data-id=\"517590d9\" data-element_type=\"widget\" data-e-type=\"widget\" data-widget_type=\"text-editor.default\">\n\t\t\t\t<div class=\"elementor-widget-container\">\n\t\t\t\t\t\t\t\t\t<h4>Les conditions et les d\u00e9tails ont \u00e9t\u00e9 envoy\u00e9s \u00e0 votre adresse e-mail.<\/h4><h4>Votre code promo est <span style=\"text-decoration: underline;\">COUPON15<\/span>.<\/h4>\t\t\t\t\t\t\t\t<\/div>\n\t\t\t\t<\/div>\n\t\t\t\t<div class=\"elementor-element elementor-element-fbb12e0 elementor-align-center elementor-widget elementor-widget-button\" data-id=\"fbb12e0\" data-element_type=\"widget\" data-e-type=\"widget\" data-widget_type=\"button.default\">\n\t\t\t\t<div class=\"elementor-widget-container\">\n\t\t\t\t\t\t\t\t\t<div class=\"elementor-button-wrapper\">\n\t\t\t\t\t<a class=\"elementor-button elementor-button-link elementor-size-sm elementor-animation-grow\" href=\"https:\/\/sarmsrevolutionlab.com\/fr\/nos-produits\/\">\n\t\t\t\t\t\t<span class=\"elementor-button-content-wrapper\">\n\t\t\t\t\t\t<span class=\"elementor-button-icon\">\n\t\t\t\t<svg aria-hidden=\"true\" class=\"e-font-icon-svg e-fas-shopping-cart\" viewBox=\"0 0 576 512\" xmlns=\"http:\/\/www.w3.org\/2000\/svg\"><path d=\"M528.12 301.319l47.273-208C578.806 78.301 567.391 64 551.99 64H159.208l-9.166-44.81C147.758 8.021 137.93 0 126.529 0H24C10.745 0 0 10.745 0 24v16c0 13.255 10.745 24 24 24h69.883l70.248 343.435C147.325 417.1 136 435.222 136 456c0 30.928 25.072 56 56 56s56-25.072 56-56c0-15.674-6.447-29.835-16.824-40h209.647C430.447 426.165 424 440.326 424 456c0 30.928 25.072 56 56 56s56-25.072 56-56c0-22.172-12.888-41.332-31.579-50.405l5.517-24.276c3.413-15.018-8.002-29.319-23.403-29.319H218.117l-6.545-32h293.145c11.206 0 20.92-7.754 23.403-18.681z\"><\/path><\/svg>\t\t\t<\/span>\n\t\t\t\t\t\t\t\t\t<span class=\"elementor-button-text\">Profitez-en D\u00c8S MAINTENANT !<\/span>\n\t\t\t\t\t<\/span>\n\t\t\t\t\t<\/a>\n\t\t\t\t<\/div>\n\t\t\t\t\t\t\t\t<\/div>\n\t\t\t\t<\/div>\n\t\t\t\t\t<\/div>\n\t\t<\/div>\n\t\t\t\t\t<\/div>\n\t\t<\/section>\n\t\t\t\t<\/div>\n\t\t","protected":false},"excerpt":{"rendered":"<p>Merci de vous \u00eatre inscrit ! Les conditions et les d\u00e9tails ont \u00e9t\u00e9 envoy\u00e9s \u00e0 votre adresse e-mail. Votre code promo est COUPON15. Profitez-en D\u00c8S MAINTENANT !<\/p>\n","protected":false},"author":4064,"featured_media":0,"parent":0,"menu_order":0,"comment_status":"closed","ping_status":"closed","template":"","meta":{"_acf_changed":false,"footnotes":""},"class_list":["post-10855","page","type-page","status-publish","hentry"],"acf":[],"_links":{"self":[{"href":"https:\/\/sarmsrevolutionlab.com\/fr\/wp-json\/wp\/v2\/pages\/10855","targetHints":{"allow":["GET"]}}],"collection":[{"href":"https:\/\/sarmsrevolutionlab.com\/fr\/wp-json\/wp\/v2\/pages"}],"about":[{"href":"https:\/\/sarmsrevolutionlab.com\/fr\/wp-json\/wp\/v2\/types\/page"}],"author":[{"embeddable":true,"href":"https:\/\/sarmsrevolutionlab.com\/fr\/wp-json\/wp\/v2\/users\/4064"}],"replies":[{"embeddable":true,"href":"https:\/\/sarmsrevolutionlab.com\/fr\/wp-json\/wp\/v2\/comments?post=10855"}],"version-history":[{"count":0,"href":"https:\/\/sarmsrevolutionlab.com\/fr\/wp-json\/wp\/v2\/pages\/10855\/revisions"}],"wp:attachment":[{"href":"https:\/\/sarmsrevolutionlab.com\/fr\/wp-json\/wp\/v2\/media?parent=10855"}],"curies":[{"name":"wp","href":"https:\/\/api.w.org\/{rel}","templated":true}]}}