{"id":10059,"date":"2021-02-17T06:53:15","date_gmt":"2021-02-17T11:53:15","guid":{"rendered":"https:\/\/sarmsrevolutio.wpengine.com\/?page_id=10059"},"modified":"2022-07-20T13:21:14","modified_gmt":"2022-07-20T18:21:14","slug":"termes-et-conditions","status":"publish","type":"page","link":"https:\/\/sarmsrevolutionlab.com\/fr\/termes-et-conditions\/","title":{"rendered":"Termes et conditions"},"content":{"rendered":"<p>Tous les produits Sarmsrevolutionlab sont vendus l\u00e9galement \u00e0 des fins exp\u00e9rimentales non humaines (laboratoire et recherche) uniquement. Ils ne sont PAS destin\u00e9s \u00e0 \u00eatre utilis\u00e9s comme additifs alimentaires, m\u00e9dicaments, cosm\u00e9tiques, produits chimiques m\u00e9nagers ou autres applications inappropri\u00e9es. L&rsquo;acheteur garantit que le produit ne sera pas utilis\u00e9 d&rsquo;une autre mani\u00e8re et assume toute responsabilit\u00e9 en cas de mauvaise utilisation. L&rsquo;acheteur garantit en outre qu&rsquo;il est majeur et que l&rsquo;achat de cet article est l\u00e9gal l\u00e0 o\u00f9 il est exp\u00e9di\u00e9 ou utilis\u00e9 et assume la responsabilit\u00e9 de toute infraction l\u00e9gale.<\/p>\n<p>La liste d&rsquo;un mat\u00e9riel sur ce site Web ne constitue pas une licence ou une recommandation pour son utilisation en violation d&rsquo;un brevet. Tous les produits seront manipul\u00e9s uniquement par des personnes qualifi\u00e9es et form\u00e9es.<\/p>\n<p>En achetant ces produits, le client reconna\u00eet qu&rsquo;il peut y avoir des risques associ\u00e9s \u00e0 la consommation. Le client garantit qu&rsquo;il est pleinement conscient et bien inform\u00e9 (a) des risques pour la sant\u00e9 et la s\u00e9curit\u00e9 associ\u00e9s \u00e0 la manipulation des produits achet\u00e9s; b) les contr\u00f4les d&rsquo;hygi\u00e8ne industrielle n\u00e9cessaires pour prot\u00e9ger ses travailleurs contre ces risques pour la sant\u00e9 et la s\u00e9curit\u00e9; c) la n\u00e9cessit\u00e9 d&rsquo;avertir de mani\u00e8re ad\u00e9quate des risques potentiels pour la sant\u00e9 et la s\u00e9curit\u00e9 associ\u00e9s \u00e0 ces produits; et (d) les r\u00e9glementations gouvernementales; qu&rsquo;ils soient actuels ou adopt\u00e9s ci-apr\u00e8s; concernant l&rsquo;utilisation et l&rsquo;exposition \u00e0 ces produits.<\/p>\n<p>Nous nous r\u00e9servons le droit de limiter les ventes de produits ou de ne pas vendre de produits \u00e0 des clients jug\u00e9s in\u00e9ligibles. Les rejets de d\u00e9bit seront trait\u00e9s tr\u00e8s s\u00e9v\u00e8rement et entra\u00eeneront le placement du client sur la liste de non-vente. Veuillez nous contacter en premier lieu car la plupart des probl\u00e8mes peuvent \u00eatre r\u00e9solus tr\u00e8s facilement.<\/p>\n<p>En aucun cas, <a href=\"https:\/\/sarmsrevolutionlab.com\/fr\/\">www.sarmsrevolutionlab.com<\/a> ou l&rsquo;une de ses soci\u00e9t\u00e9s affili\u00e9es ne pourra \u00eatre tenu responsable des dommages indirects, que les acheteurs r\u00e9clament par contrat, n\u00e9gligence, responsabilit\u00e9 ou autre. En contrepartie d&rsquo;approuver la vente du produit \u00e0 l&rsquo;acheteur, l&rsquo;acheteur s&rsquo;engage \u00e0 nous indemniser et \u00e0 nous exon\u00e9rer de toutes les r\u00e9clamations, d\u00e9penses, pertes et responsabilit\u00e9s de toute nature d\u00e9coulant de la possession, de la manipulation ou de l&rsquo;utilisation du produit par l&rsquo;acheteur, seul ou en combinaison avec toute autre substance ou substances. Toute vente sera autrement refus\u00e9e.<\/p>\n","protected":false},"excerpt":{"rendered":"<p>Tous les produits Sarmsrevolutionlab sont vendus l\u00e9galement \u00e0 des fins exp\u00e9rimentales non humaines (laboratoire et recherche) uniquement. Ils ne sont PAS destin\u00e9s \u00e0 \u00eatre utilis\u00e9s comme additifs alimentaires, m\u00e9dicaments, cosm\u00e9tiques, produits chimiques m\u00e9nagers ou autres applications inappropri\u00e9es. L&rsquo;acheteur garantit que le produit ne sera pas utilis\u00e9 d&rsquo;une autre mani\u00e8re et assume toute responsabilit\u00e9 en cas [&hellip;]<\/p>\n","protected":false},"author":4064,"featured_media":0,"parent":0,"menu_order":0,"comment_status":"closed","ping_status":"closed","template":"","meta":{"_acf_changed":false,"footnotes":""},"class_list":["post-10059","page","type-page","status-publish","hentry"],"acf":[],"_links":{"self":[{"href":"https:\/\/sarmsrevolutionlab.com\/fr\/wp-json\/wp\/v2\/pages\/10059","targetHints":{"allow":["GET"]}}],"collection":[{"href":"https:\/\/sarmsrevolutionlab.com\/fr\/wp-json\/wp\/v2\/pages"}],"about":[{"href":"https:\/\/sarmsrevolutionlab.com\/fr\/wp-json\/wp\/v2\/types\/page"}],"author":[{"embeddable":true,"href":"https:\/\/sarmsrevolutionlab.com\/fr\/wp-json\/wp\/v2\/users\/4064"}],"replies":[{"embeddable":true,"href":"https:\/\/sarmsrevolutionlab.com\/fr\/wp-json\/wp\/v2\/comments?post=10059"}],"version-history":[{"count":0,"href":"https:\/\/sarmsrevolutionlab.com\/fr\/wp-json\/wp\/v2\/pages\/10059\/revisions"}],"wp:attachment":[{"href":"https:\/\/sarmsrevolutionlab.com\/fr\/wp-json\/wp\/v2\/media?parent=10059"}],"curies":[{"name":"wp","href":"https:\/\/api.w.org\/{rel}","templated":true}]}}