{"id":10036,"date":"2017-12-18T17:36:46","date_gmt":"2017-12-18T17:36:46","guid":{"rendered":"https:\/\/sarmsrevolutio.wpengine.com\/policies\/"},"modified":"2022-09-12T13:30:31","modified_gmt":"2022-09-12T18:30:31","slug":"politique-de-retour","status":"publish","type":"page","link":"https:\/\/sarmsrevolutionlab.com\/fr\/politique-de-retour\/","title":{"rendered":"Politique de retour"},"content":{"rendered":"<p>Si vous n&rsquo;\u00eates pas satisfait d&rsquo;un article que vous avez achet\u00e9, vous pouvez le retourner pour un remboursement complet, \u00e0 l&rsquo;exclusion des frais d&rsquo;exp\u00e9dition et de manutention.<\/p>\n<p>Vous ne pouvez renvoyer que des articles dont le sceau est intact et qui n&rsquo;ont pas \u00e9t\u00e9 ouverts ou endommag\u00e9s.<\/p>\n<p>Apr\u00e8s avoir demand\u00e9 un retour, notre service client vous contactera avec des instructions de retour. Vous devez exp\u00e9dier votre retour dans les 5 jours suivant la r\u00e9ception de ces instructions. Les clients disposent d&rsquo;un d\u00e9lai de 14 jours pour renvoyer les articles suite \u00e0 une demande de retour. Cette fen\u00eatre de 14 jours commence lorsque le transporteur marque l&rsquo;article comme livr\u00e9.<\/p>\n<p>Les commandes peuvent \u00eatre annul\u00e9es avant l&rsquo;exp\u00e9dition ou dans les 24 heures suivant la commande.<\/p>\n<p>Envoyez-nous un courriel au (info@sarmsrevolutionlab.com) pour tout retour de produit ou annulation de commande.<\/p>\n","protected":false},"excerpt":{"rendered":"<p>Si vous n&rsquo;\u00eates pas satisfait d&rsquo;un article que vous avez achet\u00e9, vous pouvez le retourner pour un remboursement complet, \u00e0 l&rsquo;exclusion des frais d&rsquo;exp\u00e9dition et de manutention. Vous ne pouvez renvoyer que des articles dont le sceau est intact et qui n&rsquo;ont pas \u00e9t\u00e9 ouverts ou endommag\u00e9s. Apr\u00e8s avoir demand\u00e9 un retour, notre service client [&hellip;]<\/p>\n","protected":false},"author":4064,"featured_media":0,"parent":0,"menu_order":0,"comment_status":"closed","ping_status":"closed","template":"","meta":{"_acf_changed":false,"footnotes":""},"class_list":["post-10036","page","type-page","status-publish","hentry"],"acf":[],"_links":{"self":[{"href":"https:\/\/sarmsrevolutionlab.com\/fr\/wp-json\/wp\/v2\/pages\/10036","targetHints":{"allow":["GET"]}}],"collection":[{"href":"https:\/\/sarmsrevolutionlab.com\/fr\/wp-json\/wp\/v2\/pages"}],"about":[{"href":"https:\/\/sarmsrevolutionlab.com\/fr\/wp-json\/wp\/v2\/types\/page"}],"author":[{"embeddable":true,"href":"https:\/\/sarmsrevolutionlab.com\/fr\/wp-json\/wp\/v2\/users\/4064"}],"replies":[{"embeddable":true,"href":"https:\/\/sarmsrevolutionlab.com\/fr\/wp-json\/wp\/v2\/comments?post=10036"}],"version-history":[{"count":0,"href":"https:\/\/sarmsrevolutionlab.com\/fr\/wp-json\/wp\/v2\/pages\/10036\/revisions"}],"wp:attachment":[{"href":"https:\/\/sarmsrevolutionlab.com\/fr\/wp-json\/wp\/v2\/media?parent=10036"}],"curies":[{"name":"wp","href":"https:\/\/api.w.org\/{rel}","templated":true}]}}